{"id":1127,"date":"2021-09-03T13:19:54","date_gmt":"2021-09-03T11:19:54","guid":{"rendered":"https:\/\/wholehearted-shortfilm.com\/?page_id=1127"},"modified":"2021-10-07T13:24:01","modified_gmt":"2021-10-07T11:24:01","slug":"newsletter-abonnieren","status":"publish","type":"page","link":"https:\/\/wholehearted-shortfilm.com\/en\/newsletter-abonnieren\/","title":{"rendered":"Subscribe to newsletter"},"content":{"rendered":"<div class=\"vc_row wpb_row vc_row-fluid\"><div class=\"wpb_column vc_column_container vc_col-sm-12\"><div class=\"vc_column-inner\"><div class=\"wpb_wrapper\"><div class=\"vc_empty_space\"   style=\"height: 64px\" ><span class=\"vc_empty_space_inner\"><\/span><\/div>\n<div class=\"content-title-element dark\"><div class=\"title\">Subscribe to newsletter<\/div><\/div><div class=\"vc_empty_space\"   style=\"height: 32px\" ><span class=\"vc_empty_space_inner\"><\/span><\/div>\n<\/div><\/div><\/div><\/div><div class=\"vc_row wpb_row vc_row-fluid\"><div class=\"wpb_column vc_column_container vc_col-sm-12\"><div class=\"vc_column-inner\"><div class=\"wpb_wrapper\">\n\t<div class=\"wpb_text_column wpb_content_element\" >\n\t\t<div class=\"wpb_wrapper\">\n\t\t\t<p style=\"text-align: center;\">Would you like to stay up to date with the latest news about [W]holehearted? Then subscribe to our newsletter and we will inform you regularly about the current status of the project, news, behind-the-scenes material and opportunities to collaborate.<\/p>\n<p>&nbsp;<\/p>\n<p style=\"text-align: center;\"><script>(function() {\n\twindow.mc4wp = window.mc4wp || {\n\t\tlisteners: [],\n\t\tforms: {\n\t\t\ton: function(evt, cb) {\n\t\t\t\twindow.mc4wp.listeners.push(\n\t\t\t\t\t{\n\t\t\t\t\t\tevent   : evt,\n\t\t\t\t\t\tcallback: cb\n\t\t\t\t\t}\n\t\t\t\t);\n\t\t\t}\n\t\t}\n\t}\n})();\n<\/script><!-- Mailchimp for WordPress v4.8.6 - https:\/\/wordpress.org\/plugins\/mailchimp-for-wp\/ --><form id=\"mc4wp-form-1\" class=\"mc4wp-form mc4wp-form-469\" method=\"post\" data-id=\"469\" data-name=\"Newsletter\" action=\"\" ><div class=\"mc4wp-form-fields\"><div class=\"form-group\">\r\n  <p>\r\n      <label>First name<\/label>\r\n    <input type=\"text\" name=\"FNAME\" placeholder=\"Your first name\">  <\/p>\r\n  <p>\r\n    \r\n\r\n      <label>Last name<\/label>\r\n    <input type=\"text\" name=\"LNAME\" placeholder=\"Your last name\">\r\n      <\/p>\r\n  <p>\r\n    \r\n<label>Email address<\/label>\r\n\t<input type=\"email\" name=\"EMAIL\" placeholder=\"Your email address\" required \/>\r\n      <\/p>\r\n<\/div>\r\n<input type=\"submit\" value=\"Subscribe to newsletter\" \/>\r\n<\/div><label style=\"display: none !important;\">Leave this field empty if you're human: <input type=\"text\" name=\"_mc4wp_honeypot\" value=\"\" tabindex=\"-1\" autocomplete=\"off\" \/><\/label><input type=\"hidden\" name=\"_mc4wp_timestamp\" value=\"1776185224\" \/><input type=\"hidden\" name=\"_mc4wp_form_id\" value=\"469\" \/><input type=\"hidden\" name=\"_mc4wp_form_element_id\" value=\"mc4wp-form-1\" \/><div class=\"mc4wp-response\"><\/div><input type=\"hidden\" name=\"trp-form-language\" value=\"en\"\/><\/form><!-- \/ Mailchimp for WordPress Plugin --><\/p>\n<p>&nbsp;<\/p>\n<p style=\"text-align: center;\">We use your email address to send you our newsletter. The newsletter is currently not sent out at regular intervals, but not more than once a week. We use the provider MailChimp to send our newsletters.<\/p>\n<p style=\"text-align: center;\">You can find all information about data protection in our <a href=\"https:\/\/wholehearted-shortfilm.com\/en\/datenschutzerklaerung\/\">Privacy policy<\/a>.<\/p>\n<p style=\"text-align: center;\">After you have registered, you will first receive a <strong>confirmation link<\/strong> to your e-mail address, which you must first click on. This ensures that the email address you entered really belongs to you. You can of course cancel your subscription at any time.<\/p>\n\n\t\t<\/div>\n\t<\/div>\n<div class=\"vc_empty_space\"   style=\"height: 64px\" ><span class=\"vc_empty_space_inner\"><\/span><\/div>\n<div class=\"content-title-element dark\"><div class=\"title\">Follow us on social media<\/div><\/div><div class=\"vc_empty_space\"   style=\"height: 32px\" ><span class=\"vc_empty_space_inner\"><\/span><\/div>\n\n\t<div class=\"wpb_text_column wpb_content_element\" >\n\t\t<div class=\"wpb_wrapper\">\n\t\t\t<p style=\"text-align: center;\">We are currently represented on the following social networks and platforms. Follow [W]holhearted now on:<\/p>\n\n\t\t<\/div>\n\t<\/div>\n<div class=\"vc_row wpb_row vc_inner vc_row-fluid\"><div class=\"wpb_column vc_column_container vc_col-sm-4\"><div class=\"vc_column-inner\"><div class=\"wpb_wrapper\"><div class=\"themovie-button\"><a href=\"https:\/\/www.facebook.com\/wholeheartedshortfilm\" target=\"_parent\" title=\"Facebook\"><i class=\"fa fa-facebook\" aria-hidden=\"true\"><\/i><span>Facebook<\/span><\/a><\/div><\/div><\/div><\/div><div class=\"wpb_column vc_column_container vc_col-sm-4\"><div class=\"vc_column-inner\"><div class=\"wpb_wrapper\"><div class=\"themovie-button\"><a href=\"https:\/\/www.instagram.com\/wholehearted_shortfilm\/\" target=\"_parent\" title=\"Instagram\"><i class=\"fa fa-instagram\" aria-hidden=\"true\"><\/i><span>Instagram<\/span><\/a><\/div><\/div><\/div><\/div><div class=\"wpb_column vc_column_container vc_col-sm-4\"><div class=\"vc_column-inner\"><div class=\"wpb_wrapper\"><div class=\"themovie-button\"><a href=\"https:\/\/www.youtube.com\/channel\/UCwuyVjrzlmFb9ZUqy66xDFw\" target=\"_parent\" title=\"Youtube\"><i class=\"fa fa-youtube\" aria-hidden=\"true\"><\/i><span>Youtube<\/span><\/a><\/div><\/div><\/div><\/div><\/div><\/div><\/div><\/div><\/div><div class=\"vc_row wpb_row vc_row-fluid\"><div class=\"wpb_column vc_column_container vc_col-sm-12\"><div class=\"vc_column-inner\"><div class=\"wpb_wrapper\"><div class=\"vc_empty_space\"   style=\"height: 50px\" ><span class=\"vc_empty_space_inner\"><\/span><\/div>\n<\/div><\/div><\/div><\/div><div class=\"vc_row wpb_row vc_row-fluid\"><div class=\"wpb_column vc_column_container vc_col-sm-12\"><div class=\"vc_column-inner\"><div class=\"wpb_wrapper\">\n\t<div class=\"wpb_text_column wpb_content_element\" >\n\t\t<div class=\"wpb_wrapper\">\n\t\t\t\n\t\t<\/div>\n\t<\/div>\n<\/div><\/div><\/div><\/div>","protected":false},"excerpt":{"rendered":"Newsletter abonnieren Du m\u00f6chtest immer \u00fcber aktuelle Nachrichten \u00fcber [W]holehearted auf dem Laufenden bleiben? Dann abonniere unseren Newsletter und wir informieren Dich regelm\u00e4\u00dfig \u00fcber den aktuellen Stand des Projekts, \u00fcber Neuigkeiten, Behind-The-Scenes-Material und M\u00f6glichkeiten mitzuarbeiten. &nbsp; (function() { window.mc4wp = window.mc4wp || { listeners: [], forms: { on: function(evt, cb) { window.mc4wp.listeners.push( { event :...","protected":false},"author":1,"featured_media":0,"parent":0,"menu_order":0,"comment_status":"closed","ping_status":"closed","template":"","meta":{"pgc_sgb_lightbox_settings":"","footnotes":""},"wpcf_dashboard":"<div class=\"woocommerce\"><div class=\"woocommerce-info\">Please log in first? <a class=\"wpneoShowLogin\" href=\"#\">Click here to login<\/a><\/div><div class=\"wpneo_login_form_div\" style=\"display: none;\"><form name=\"loginform\" id=\"loginform\" action=\"https:\/\/wholehearted-shortfilm.com\/wp-login.php\" method=\"post\"><p class=\"login-username\">\n\t\t\t\t<label for=\"user_login\">Username or Email Address<\/label>\n\t\t\t\t<input type=\"text\" name=\"log\" id=\"user_login\" autocomplete=\"username\" class=\"input\" value=\"\" size=\"20\" \/>\n\t\t\t<\/p><p class=\"login-password\">\n\t\t\t\t<label for=\"user_pass\">Password<\/label>\n\t\t\t\t<input type=\"password\" name=\"pwd\" id=\"user_pass\" autocomplete=\"current-password\" spellcheck=\"false\" class=\"input\" value=\"\" size=\"20\" \/>\n\t\t\t<\/p><p class=\"login-remember\"><label><input name=\"rememberme\" type=\"checkbox\" id=\"rememberme\" value=\"forever\" \/> Remember Me<\/label><\/p><p class=\"login-submit\">\n\t\t\t\t<input type=\"submit\" name=\"wp-submit\" id=\"wp-submit\" class=\"button button-primary\" value=\"Log In\" \/>\n\t\t\t\t<input type=\"hidden\" name=\"redirect_to\" value=\"https:\/\/wholehearted-shortfilm.com\/en\/wp-json\/wp\/v2\/pages\/1127\" \/>\n\t\t\t<\/p><\/form><\/div><\/div>","_links":{"self":[{"href":"https:\/\/wholehearted-shortfilm.com\/en\/wp-json\/wp\/v2\/pages\/1127"}],"collection":[{"href":"https:\/\/wholehearted-shortfilm.com\/en\/wp-json\/wp\/v2\/pages"}],"about":[{"href":"https:\/\/wholehearted-shortfilm.com\/en\/wp-json\/wp\/v2\/types\/page"}],"author":[{"embeddable":true,"href":"https:\/\/wholehearted-shortfilm.com\/en\/wp-json\/wp\/v2\/users\/1"}],"replies":[{"embeddable":true,"href":"https:\/\/wholehearted-shortfilm.com\/en\/wp-json\/wp\/v2\/comments?post=1127"}],"version-history":[{"count":9,"href":"https:\/\/wholehearted-shortfilm.com\/en\/wp-json\/wp\/v2\/pages\/1127\/revisions"}],"predecessor-version":[{"id":1255,"href":"https:\/\/wholehearted-shortfilm.com\/en\/wp-json\/wp\/v2\/pages\/1127\/revisions\/1255"}],"wp:attachment":[{"href":"https:\/\/wholehearted-shortfilm.com\/en\/wp-json\/wp\/v2\/media?parent=1127"}],"curies":[{"name":"wp","href":"https:\/\/api.w.org\/{rel}","templated":true}]}}