{"id":1506,"date":"2023-01-07T15:09:25","date_gmt":"2023-01-07T14:09:25","guid":{"rendered":"https:\/\/wholehearted-shortfilm.com\/?page_id=1506"},"modified":"2023-02-25T21:29:47","modified_gmt":"2023-02-25T20:29:47","slug":"volunteer-signup","status":"publish","type":"page","link":"https:\/\/wholehearted-shortfilm.com\/en\/volunteer-signup\/","title":{"rendered":"Apply to be a volunteer"},"content":{"rendered":"<div id=\"About\" data-vc-parallax=\"1.5\" data-vc-parallax-image=\"https:\/\/wholehearted-shortfilm.com\/wp-content\/uploads\/2017\/03\/wh_slider_bg_v2.jpg\" class=\"vc_row wpb_row vc_row-fluid vc_row-has-fill vc_general vc_parallax vc_parallax-content-moving\"><div class=\"wpb_column vc_column_container vc_col-sm-12\"><div class=\"vc_column-inner\"><div class=\"wpb_wrapper\"><div class=\"vc_empty_space\"   style=\"height: 16px\" ><span class=\"vc_empty_space_inner\"><\/span><\/div>\n\n\t<div class=\"wpb_text_column wpb_content_element  yellow\" >\n\t\t<div class=\"wpb_wrapper\">\n\t\t\t<div class=\"content-title-element yellow\">\n<div class=\"title\">Apply to be a volunteer<\/div>\n<\/div>\n\n\t\t<\/div>\n\t<\/div>\n<div class=\"vc_empty_space\"   style=\"height: 16px\" ><span class=\"vc_empty_space_inner\"><\/span><\/div>\n<\/div><\/div><\/div><\/div><div class=\"vc_row wpb_row vc_row-fluid container containerNoPadding\"><div class=\"wpb_column vc_column_container vc_col-sm-12\"><div class=\"vc_column-inner\"><div class=\"wpb_wrapper\"><div class=\"vc_row wpb_row vc_inner vc_row-fluid\"><div class=\"wpb_column vc_column_container vc_col-sm-12\"><div class=\"vc_column-inner\"><div class=\"wpb_wrapper\">\n\t<div class=\"wpb_text_column wpb_content_element\" >\n\t\t<div class=\"wpb_wrapper\">\n\t\t\t<p style=\"text-align: center;\">We are delighted that you would like to become part of the [W]holehearted crew as a volunteer. The possibilities are manifold.<\/p>\n<p style=\"text-align: center;\">If you can imagine volunteering to help make the film, please fill out the form below. This helps us enormously to get an overview of all potential helpers and to be able to plan. Please select one or more areas (departments) that would interest you. Depending on your needs and the availability of helpers, we can then assign you to one of the areas. Below the form you will find more detailed information about the individual areas for which you can register.<\/p>\n<p style=\"text-align: center;\">We are looking forward to meeting you!<\/p>\n\n\t\t<\/div>\n\t<\/div>\n<\/div><\/div><\/div><\/div><\/div><\/div><\/div><\/div><div class=\"vc_row wpb_row vc_row-fluid container containerNoPadding vc_custom_1677356260607 vc_row-has-fill\"><div class=\"wpb_column vc_column_container vc_col-sm-12\"><div class=\"vc_column-inner\"><div class=\"wpb_wrapper\">\n\t<div class=\"wpb_text_column wpb_content_element\" >\n\t\t<div class=\"wpb_wrapper\">\n\t\t\t<div class=\"wp-block-contact-form-7-contact-form-selector\"><div role=\"form\" class=\"wpcf7\" id=\"wpcf7-f1504-o1\" lang=\"de-DE\" dir=\"ltr\">\n<div class=\"screen-reader-response\"><p role=\"status\" aria-live=\"polite\" aria-atomic=\"true\"><\/p> <ul><\/ul><\/div>\n<form action=\"\/en\/wp-json\/wp\/v2\/pages\/1506#wpcf7-f1504-o1\" method=\"post\" class=\"wpcf7-form init\" novalidate=\"novalidate\" data-status=\"init\" data-trp-original-action=\"\/en\/wp-json\/wp\/v2\/pages\/1506#wpcf7-f1504-o1\">\n<div style=\"display: none;\">\n<input type=\"hidden\" name=\"_wpcf7\" value=\"1504\" \/>\n<input type=\"hidden\" name=\"_wpcf7_version\" value=\"5.4.2\" \/>\n<input type=\"hidden\" name=\"_wpcf7_locale\" value=\"de_DE\" \/>\n<input type=\"hidden\" name=\"_wpcf7_unit_tag\" value=\"wpcf7-f1504-o1\" \/>\n<input type=\"hidden\" name=\"_wpcf7_container_post\" value=\"0\" \/>\n<input type=\"hidden\" name=\"_wpcf7_posted_data_hash\" value=\"\" \/>\n<input type=\"hidden\" name=\"_wpcf7_recaptcha_response\" value=\"\" \/>\n<\/div>\n<p><label> Full name<br \/>\n    <span class=\"wpcf7-form-control-wrap full-name\"><input type=\"text\" name=\"full-name\" value=\"\" size=\"40\" class=\"wpcf7-form-control wpcf7-text wpcf7-validates-as-required\" aria-required=\"true\" aria-invalid=\"false\" \/><\/span><\/label><\/p>\n<p><label> Date of birth<br \/>\n<span class=\"wpcf7-form-control-wrap date-of-birth\"><input type=\"date\" name=\"date-of-birth\" value=\"\" class=\"wpcf7-form-control wpcf7-date wpcf7-validates-as-required wpcf7-validates-as-date\" aria-required=\"true\" aria-invalid=\"false\" \/><\/span><\/label><\/p>\n<p><label> Street and number<br \/>\n    <span class=\"wpcf7-form-control-wrap street\"><input type=\"text\" name=\"street\" value=\"\" size=\"40\" class=\"wpcf7-form-control wpcf7-text wpcf7-validates-as-required\" aria-required=\"true\" aria-invalid=\"false\" \/><\/span> <\/label><\/p>\n<p><label> ZIP<br \/>\n    <span class=\"wpcf7-form-control-wrap zipcode\"><input type=\"text\" name=\"zipcode\" value=\"\" size=\"40\" class=\"wpcf7-form-control wpcf7-text wpcf7-validates-as-required\" aria-required=\"true\" aria-invalid=\"false\" \/><\/span> <\/label><\/p>\n<p><label> City<br \/>\n    <span class=\"wpcf7-form-control-wrap city\"><input type=\"text\" name=\"city\" value=\"\" size=\"40\" class=\"wpcf7-form-control wpcf7-text wpcf7-validates-as-required\" aria-required=\"true\" aria-invalid=\"false\" \/><\/span> <\/label><\/p>\n<p><label> Phone \/ Mobile<br \/>\n    <span class=\"wpcf7-form-control-wrap phone\"><input type=\"text\" name=\"phone\" value=\"\" size=\"40\" class=\"wpcf7-form-control wpcf7-text wpcf7-validates-as-required\" aria-required=\"true\" aria-invalid=\"false\" \/><\/span> <\/label><\/p>\n<p><label> Email address<br \/>\n    <span class=\"wpcf7-form-control-wrap your-email\"><input type=\"email\" name=\"your-email\" value=\"\" size=\"40\" class=\"wpcf7-form-control wpcf7-text wpcf7-email wpcf7-validates-as-required wpcf7-validates-as-email\" aria-required=\"true\" aria-invalid=\"false\" \/><\/span> <\/label><br \/>\n<br><\/p>\n<p><label> Driver's license classes<\/label><\/p>\n<p>Please let us know which driving license classes you have. This information is particularly (but not only) useful for the Transport Department. Class types according to German law.<\/p>\n<p><span class=\"wpcf7-form-control-wrap drivers-license\"><span class=\"wpcf7-form-control wpcf7-checkbox wpcf7-validates-as-required\"><span class=\"wpcf7-list-item first\"><input type=\"checkbox\" name=\"drivers-license[]\" value=\"B (PKW)\" \/><span class=\"wpcf7-list-item-label\">B (car)<\/span><\/span><span class=\"wpcf7-list-item\"><input type=\"checkbox\" name=\"drivers-license[]\" value=\"BE\" \/><span class=\"wpcf7-list-item-label\">BE<\/span><\/span><span class=\"wpcf7-list-item\"><input type=\"checkbox\" name=\"drivers-license[]\" value=\"B96\" \/><span class=\"wpcf7-list-item-label\">B96<\/span><\/span><span class=\"wpcf7-list-item\"><input type=\"checkbox\" name=\"drivers-license[]\" value=\"C1\" \/><span class=\"wpcf7-list-item-label\">C1<\/span><\/span><span class=\"wpcf7-list-item\"><input type=\"checkbox\" name=\"drivers-license[]\" value=\"C1E\" \/><span class=\"wpcf7-list-item-label\">C1E<\/span><\/span><span class=\"wpcf7-list-item\"><input type=\"checkbox\" name=\"drivers-license[]\" value=\"CE\" \/><span class=\"wpcf7-list-item-label\">CE<\/span><\/span><span class=\"wpcf7-list-item\"><input type=\"checkbox\" name=\"drivers-license[]\" value=\"D1\" \/><span class=\"wpcf7-list-item-label\">D1<\/span><\/span><span class=\"wpcf7-list-item last\"><input type=\"checkbox\" name=\"drivers-license[]\" value=\"Ich besitze keinen F\u00fchrerschein\" \/><span class=\"wpcf7-list-item-label\">I don't have a driver's license<\/span><\/span><\/span><\/span><br \/>\n<br><\/p>\n<p><label> I'm interested in...<\/label><\/p>\n<p>Multiple selections possible. <b>More information about the departments<\/b> you will find in the <b>descriptions below<\/b> .<\/p>\n<p><span class=\"wpcf7-form-control-wrap interests\"><span class=\"wpcf7-form-control wpcf7-checkbox wpcf7-validates-as-required\"><span class=\"wpcf7-list-item first\"><input type=\"checkbox\" name=\"interests[]\" value=\"Produktionsassistent (P.A.) \/ Set-Runner\" \/><span class=\"wpcf7-list-item-label\">Production assistant (P.A.)<\/span><\/span><span class=\"wpcf7-list-item\"><input type=\"checkbox\" name=\"interests[]\" value=\"Produktionsb\u00fcro \/ Papierkram\" \/><span class=\"wpcf7-list-item-label\">Production office \/ paperwork<\/span><\/span><span class=\"wpcf7-list-item\"><input type=\"checkbox\" name=\"interests[]\" value=\"Maske \/ Hair &amp; Make-Up\" \/><span class=\"wpcf7-list-item-label\">Hair &amp; Make-Up<\/span><\/span><span class=\"wpcf7-list-item\"><input type=\"checkbox\" name=\"interests[]\" value=\"Kost\u00fcm \/ Garderobe\" \/><span class=\"wpcf7-list-item-label\">Costume \/ Wardrobe<\/span><\/span><span class=\"wpcf7-list-item\"><input type=\"checkbox\" name=\"interests[]\" value=\"Set-Dekoration \/ Produktionsdesign\" \/><span class=\"wpcf7-list-item-label\">Set decoration \/ production design<\/span><\/span><span class=\"wpcf7-list-item\"><input type=\"checkbox\" name=\"interests[]\" value=\"Requisite\" \/><span class=\"wpcf7-list-item-label\">Props<\/span><\/span><span class=\"wpcf7-list-item\"><input type=\"checkbox\" name=\"interests[]\" value=\"Fahrer \/ Transport \/ Logistik\" \/><span class=\"wpcf7-list-item-label\">Driver \/ transport \/ logistics<\/span><\/span><span class=\"wpcf7-list-item\"><input type=\"checkbox\" name=\"interests[]\" value=\"Catering \/ Crafty \/ Verpflegung\" \/><span class=\"wpcf7-list-item-label\">Catering \/ crafty<\/span><\/span><span class=\"wpcf7-list-item\"><input type=\"checkbox\" name=\"interests[]\" value=\"Location \/ Set-Reinigung\" \/><span class=\"wpcf7-list-item-label\">Locations \/ Set cleaning<\/span><\/span><span class=\"wpcf7-list-item\"><input type=\"checkbox\" name=\"interests[]\" value=\"Fotografie \/ Videoaufnahmen hinter den Kulissen \/\" \/><span class=\"wpcf7-list-item-label\">Behind the Scene photography \/ videography<\/span><\/span><span class=\"wpcf7-list-item\"><input type=\"checkbox\" name=\"interests[]\" value=\"Social Media\" \/><span class=\"wpcf7-list-item-label\">Social Media<\/span><\/span><span class=\"wpcf7-list-item\"><input type=\"checkbox\" name=\"interests[]\" value=\"Script \/ Continuity\" \/><span class=\"wpcf7-list-item-label\">Script supervisor \/ continuity<\/span><\/span><span class=\"wpcf7-list-item\"><input type=\"checkbox\" name=\"interests[]\" value=\"Technische Bereiche (beachte Erkl\u00e4rung)\" \/><span class=\"wpcf7-list-item-label\">Technical departments (see information below)<\/span><\/span><span class=\"wpcf7-list-item last\"><input type=\"checkbox\" name=\"interests[]\" value=\"andere\" \/><span class=\"wpcf7-list-item-label\">other<\/span><\/span><\/span><\/span><br \/>\n<br><\/p>\n<p><label>Previous experience (if available) \/ hobbies \/ special skills<\/p>\n<p><span class=\"wpcf7-form-control-wrap skills-hobbies-co\"><input type=\"text\" name=\"skills-hobbies-co\" value=\"\" size=\"40\" class=\"wpcf7-form-control wpcf7-text\" aria-invalid=\"false\" \/><\/span><\/label><br \/>\n<br><\/p>\n<p><label> Maximum possible investment of time during pre-production <\/label><\/p>\n<p>The preparation time precedes the actual shooting. This is where the actors are cast, the shooting is planned, the locations, costumes, props, set decoration, technology, catering, etc. are organised, procured, specified and built. Already here we can use a lot of help in the different departments. Please let us know roughly how much time you would be willing and able to invest in our project. Of course, this information is not set in stone, but is only intended to give us a rough idea of \u200b\u200bhow best to use and coordinate all volunteers. When the time comes, we'll ask everyone again anyway.<\/p>\n<p><span class=\"wpcf7-form-control-wrap time-commitment-pre\"><select name=\"time-commitment-pre\" class=\"wpcf7-form-control wpcf7-select wpcf7-validates-as-required\" aria-required=\"true\" aria-invalid=\"false\"><option value=\"Bitte ausw\u00e4hlen\">Bitte ausw\u00e4hlen<\/option><option value=\"Ich kann\/m\u00f6chte in der Vorbeitungszeit nicht helfen\">I can't\/don't want to help during pre production<\/option><option value=\"1 Std. \/ Woche\">1 hr \/ week<\/option><option value=\"1 - 3 Std. \/ Woche\">1 - 3 hrs \/ week<\/option><option value=\"3 - 5 Std. \/ Woche\">3 - 5 hrs \/ week<\/option><option value=\"5 - 10 Std. \/ Woche\">5 - 10 hrs \/ week<\/option><option value=\"\u00dcber 10 Std. \/ Woche\">Over 10 hrs \/ week<\/option><option value=\"Wann immer ihr mich braucht\">Whenever you need me.<\/option><\/select><\/span><br \/>\n<br><\/p>\n<p><label> Maximum possible time investment during actual shooting<\/label><\/p>\n<p>The actual shooting is expected to be completed in a continuous shooting period of 2-3 weeks, each with full shooting days (standard shooting days in Germany are generally 10-hour days). There is, of course, full catering on set. Since these days are usually very busy and tightly planned in order to be able to shoot all the scenes, hours of commitment rarely make sense here. Please let us know roughly how much time you would be willing and able to invest in our project. Of course, this information is not set in stone, but is only intended to give us a rough idea of \u200b\u200bhow best to use and coordinate all volunteers. When the time comes, we'll ask everyone again anyway.<\/p>\n<p><span class=\"wpcf7-form-control-wrap time-commitment-production\"><select name=\"time-commitment-production\" class=\"wpcf7-form-control wpcf7-select wpcf7-validates-as-required\" aria-required=\"true\" aria-invalid=\"false\"><option value=\"Bitte w\u00e4hlen\">Please choose<\/option><option value=\"Ich kann\/m\u00f6chte w\u00e4hrend der Dreharbeiten nicht helfen\">I can't\/don't want to help during the shooting<\/option><option value=\"1 Drehtag \/ Woche\">1 day \/ week<\/option><option value=\"2 Drehtage \/ Woche\">2 days \/ week<\/option><option value=\"3 Drehtage \/ Woche\">3 days \/ week<\/option><option value=\"4 Drehtage \/ Woche\">4 days \/ week<\/option><option value=\"5 Drehtage \/ Woche\">5 days \/ week<\/option><option value=\"Wann immer ihr mich braucht, ich bin Vollzeit verf\u00fcgbar\">Whenever you need me, I'm available full time<\/option><\/select><\/span><br \/>\n<br><\/p>\n<p><label> Special dietary requirements<\/label><br \/>\nAre you vegetarian or do you have an allergy? If so, please let us know so that we can take this into account when planning the catering for the shooting.<br \/>\n<span class=\"wpcf7-form-control-wrap meal-notes\"><input type=\"text\" name=\"meal-notes\" value=\"\" size=\"40\" class=\"wpcf7-form-control wpcf7-text\" aria-invalid=\"false\" \/><\/span><br \/>\n<br><\/p>\n<p><label> Other remarks<\/label><br \/>\n<span class=\"wpcf7-form-control-wrap comments\"><input type=\"text\" name=\"comments\" value=\"\" size=\"40\" class=\"wpcf7-form-control wpcf7-text\" aria-invalid=\"false\" \/><\/span><br \/>\n<br><\/p>\n<p><label> I agree:<\/label><\/p>\n<p><a href=\"https:\/\/wholehearted-shortfilm.com\/en\/datenschutzerklaerung\/\"><u>Find our data protection policy here<\/u><\/a> and <a href=\"https:\/\/wholehearted-shortfilm.com\/en\/core-values\/\"><u>our core values here<\/u><\/a>.<\/p>\n<p><span class=\"wpcf7-form-control-wrap legal-agreements\"><span class=\"wpcf7-form-control wpcf7-checkbox wpcf7-validates-as-required\"><span class=\"wpcf7-list-item first\"><input type=\"checkbox\" name=\"legal-agreements[]\" value=\"Datenschutzbestimmung\" \/><span class=\"wpcf7-list-item-label\">Data protection policy<\/span><\/span><span class=\"wpcf7-list-item last\"><input type=\"checkbox\" name=\"legal-agreements[]\" value=\"Unsere Werte\" \/><span class=\"wpcf7-list-item-label\">Core values<\/span><\/span><\/span><\/span><br \/>\n<br><\/p>\n<p><input type=\"submit\" value=\"Send message\" class=\"wpcf7-form-control wpcf7-submit\" \/><\/p>\n<div class=\"wpcf7-response-output\" aria-hidden=\"true\"><\/div><input type=\"hidden\" name=\"trp-form-language\" value=\"en\"\/><\/form><\/div><\/div>\n<div>\u00a0<\/div>\n<div>\u00a0<\/div>\n\n\t\t<\/div>\n\t<\/div>\n<\/div><\/div><\/div><\/div><div class=\"vc_row wpb_row vc_row-fluid\"><div class=\"wpb_column vc_column_container vc_col-sm-12\"><div class=\"vc_column-inner\"><div class=\"wpb_wrapper\">\n\t<div class=\"wpb_text_column wpb_content_element\" >\n\t\t<div class=\"wpb_wrapper\">\n\t\t\t<h3 style=\"text-align: center;\">Explanation of the individual areas \/ departments<\/h3>\n\n\t\t<\/div>\n\t<\/div>\n<\/div><\/div><\/div><\/div><div class=\"vc_row wpb_row vc_row-fluid container containerNoPadding\"><div class=\"wpb_column vc_column_container vc_col-sm-6\"><div class=\"vc_column-inner\"><div class=\"wpb_wrapper\">\n\t<div class=\"wpb_text_column wpb_content_element\" >\n\t\t<div class=\"wpb_wrapper\">\n\t\t\t<p><strong>Production Assistant\u00a0 (P.A.) \/ Set-Runner<\/strong><\/p>\n<p>A production assistant (often called a \u201cset runner\u201d in Germany) is an entry-level job on the film set who can take on a variety of tasks depending on the needs of the film set. He supports his crew colleagues in all activities that arise, for example helping to cordon off and keep the set clean, handling actors and extras, making copies of scripts or serving coffee. So he is generally a helping hand wherever help is needed.<\/p>\n<p><strong>Production office \/ paperwork<\/strong><\/p>\n<p>A production assistant in the production office supports the crew with the day-to-day office work and paperwork on the set. They make calls and write emails when there are sudden changes in plans, they maintain and manage documents, forms, contracts and lists and keep minutes.<\/p>\n<p><strong>Hair &amp; Make-Up<\/strong><\/p>\n<p>The hair and make-up staff, in coordination with the director, design the hairstyles and make-up for the actors. They provide all the necessary utensils. On the set, they then ensure that the actors have their hair and make-up done for their role and that they are ready by the time allotted for the shooting schedule.<\/p>\n<p><strong>Costume \/ Wardrobe<\/strong><\/p>\n<p>The staff in the costume department organise, procure and design the role clothing that the actors wear in the film in coordination with the director. On the set, they ensure that the right outfits are available at the right time and in the right condition, assist the actors in dressing and ensure that the costumes look believable on film.<\/p>\n<p><strong>Set decoration \/ production design<\/strong><\/p>\n<p>The set decoration staff design and organize the decoration for the sets in coordination with the director. They procure the decorative items and ensure on the set that the motifs are fully decorated by the time specified in the shooting schedule and that they look good and believable in the picture.<\/p>\n<p><strong>Props<\/strong><\/p>\n<p>The props staff organise, aquire and\/or design, in coordination with the director, the utensils that the actors will hold in their hands later in the film. On the set, they then ensure that the right props are available at the right time in the required condition and look believable in the picture.<\/p>\n\n\t\t<\/div>\n\t<\/div>\n<\/div><\/div><\/div><div class=\"wpb_column vc_column_container vc_col-sm-6\"><div class=\"vc_column-inner\"><div class=\"wpb_wrapper\">\n\t<div class=\"wpb_text_column wpb_content_element\" >\n\t\t<div class=\"wpb_wrapper\">\n\t\t\t<p><strong>Catering \/ crafty<\/strong><\/p>\n<p>The catering department is responsible for arranging hot meals for the cast and crew, which are usually provided once a day of shooting. The Craft Services (\"Crafty\") team is responsible for providing snacks and beverages to the cast and crew throughout the day of shooting. The Crafty team is responsible for setting up the Crafty table early each day of shooting and stocking it with snacks, coffee and drinks throughout the day.<\/p>\n<p><strong>Driver \/ transport \/ logistics<\/strong><\/p>\n<p>A film crew's drivers transport the cast or crew either to and from set or between locations throughout the day. A driver can also be used for other purposes, e.g. for transporting props when the base camp is far away from the shooting location or for spontaneous errands.<\/p>\n<p><strong>Location \/\u00a0 Set-Reinigung<\/strong><\/p>\n<p>The location department is responsible for organizing film locations and is the link between the film crew and the location owner. On set, staff ensure that the needs of the film crew and owners are met in the best possible way and that the locations are left in the same or better condition at the end of shooting than when production arrived.<\/p>\n<p><strong>Script supervisor \/ continuity<\/strong><\/p>\n<p>On the one hand, the script\/continuity person ensures that the continuity in the film is maintained. This means that the details in the picture remain the same every time there are several shots of the same scene (e.g. that the glasses in the picture are equally full with each take, the clocks show the same time, the same objects are in the same place, etc.) She also logs all the information , which the cutter later needs for editing the recorded film images. The prerequisite for this task is therefore a good grasp of the smallest details and good concentration and, ideally, experience in this area.<\/p>\n<p><strong>Technical departments<\/strong><\/p>\n<p>If you want to help the camera, lighting, grip or sound crew, you can basically tick that. However, since this is a demanding area of \u200b\u200bwork and we already hire an experienced and well-established team in this area, we cannot promise any positions here and leave this decision to the relevant department heads. In any case, the prerequisite for this task is a good technical understanding, awareness of occupational safety and, preferably, previous experience in the relevant area.<\/p>\n\n\t\t<\/div>\n\t<\/div>\n<\/div><\/div><\/div><\/div>","protected":false},"excerpt":{"rendered":"Als ehrenamtlicher Helfer bewerben Wir freuen uns von ganzem Herzen, dass Du als freiwilliger Helfer Teil der Crew von [W]holehearted werden m\u00f6chtest.\u00a0 Die M\u00f6glichkeiten sind vielf\u00e4ltig. Wenn Du dir vorstellen kannst, ehrenamtlich an der Herstellung des Films beteiligt zu sein, dann f\u00fclle bitte das folgende Formular aus. Das hilft uns enorm, einen \u00dcberblick \u00fcber alle...","protected":false},"author":1,"featured_media":0,"parent":0,"menu_order":0,"comment_status":"closed","ping_status":"closed","template":"","meta":{"pgc_sgb_lightbox_settings":"","footnotes":""},"wpcf_dashboard":"<div class=\"woocommerce\"><div class=\"woocommerce-info\">Please log in first? <a class=\"wpneoShowLogin\" href=\"#\">Click here to login<\/a><\/div><div class=\"wpneo_login_form_div\" style=\"display: none;\"><form name=\"loginform\" id=\"loginform\" action=\"https:\/\/wholehearted-shortfilm.com\/wp-login.php\" method=\"post\"><p class=\"login-username\">\n\t\t\t\t<label for=\"user_login\">Username or Email Address<\/label>\n\t\t\t\t<input type=\"text\" name=\"log\" id=\"user_login\" autocomplete=\"username\" class=\"input\" value=\"\" size=\"20\" \/>\n\t\t\t<\/p><p class=\"login-password\">\n\t\t\t\t<label for=\"user_pass\">Password<\/label>\n\t\t\t\t<input type=\"password\" name=\"pwd\" id=\"user_pass\" autocomplete=\"current-password\" spellcheck=\"false\" class=\"input\" value=\"\" size=\"20\" \/>\n\t\t\t<\/p><p class=\"login-remember\"><label><input name=\"rememberme\" type=\"checkbox\" id=\"rememberme\" value=\"forever\" \/> Remember Me<\/label><\/p><p class=\"login-submit\">\n\t\t\t\t<input type=\"submit\" name=\"wp-submit\" id=\"wp-submit\" class=\"button button-primary\" value=\"Log In\" \/>\n\t\t\t\t<input type=\"hidden\" name=\"redirect_to\" value=\"https:\/\/wholehearted-shortfilm.com\/en\/wp-json\/wp\/v2\/pages\/1506\" \/>\n\t\t\t<\/p><\/form><\/div><\/div>","_links":{"self":[{"href":"https:\/\/wholehearted-shortfilm.com\/en\/wp-json\/wp\/v2\/pages\/1506"}],"collection":[{"href":"https:\/\/wholehearted-shortfilm.com\/en\/wp-json\/wp\/v2\/pages"}],"about":[{"href":"https:\/\/wholehearted-shortfilm.com\/en\/wp-json\/wp\/v2\/types\/page"}],"author":[{"embeddable":true,"href":"https:\/\/wholehearted-shortfilm.com\/en\/wp-json\/wp\/v2\/users\/1"}],"replies":[{"embeddable":true,"href":"https:\/\/wholehearted-shortfilm.com\/en\/wp-json\/wp\/v2\/comments?post=1506"}],"version-history":[{"count":15,"href":"https:\/\/wholehearted-shortfilm.com\/en\/wp-json\/wp\/v2\/pages\/1506\/revisions"}],"predecessor-version":[{"id":1549,"href":"https:\/\/wholehearted-shortfilm.com\/en\/wp-json\/wp\/v2\/pages\/1506\/revisions\/1549"}],"wp:attachment":[{"href":"https:\/\/wholehearted-shortfilm.com\/en\/wp-json\/wp\/v2\/media?parent=1506"}],"curies":[{"name":"wp","href":"https:\/\/api.w.org\/{rel}","templated":true}]}}