{"id":1559,"date":"2023-04-02T14:53:25","date_gmt":"2023-04-02T12:53:25","guid":{"rendered":"https:\/\/wholehearted-shortfilm.com\/?page_id=1559"},"modified":"2023-04-02T18:23:47","modified_gmt":"2023-04-02T16:23:47","slug":"extras-signup","status":"publish","type":"page","link":"https:\/\/wholehearted-shortfilm.com\/en\/extras-signup\/","title":{"rendered":"Als Komparse bewerben"},"content":{"rendered":"<div id=\"About\" data-vc-parallax=\"1.5\" data-vc-parallax-image=\"https:\/\/wholehearted-shortfilm.com\/wp-content\/uploads\/2017\/03\/wh_slider_bg_v2.jpg\" class=\"vc_row wpb_row vc_row-fluid vc_row-has-fill vc_general vc_parallax vc_parallax-content-moving\"><div class=\"wpb_column vc_column_container vc_col-sm-12\"><div class=\"vc_column-inner\"><div class=\"wpb_wrapper\"><div class=\"vc_empty_space\"   style=\"height: 16px\" ><span class=\"vc_empty_space_inner\"><\/span><\/div>\n\n\t<div class=\"wpb_text_column wpb_content_element  yellow\" >\n\t\t<div class=\"wpb_wrapper\">\n\t\t\t<div class=\"content-title-element yellow\">\n<div class=\"title\">Apply to become an extra<\/div>\n<\/div>\n\n\t\t<\/div>\n\t<\/div>\n<div class=\"vc_empty_space\"   style=\"height: 16px\" ><span class=\"vc_empty_space_inner\"><\/span><\/div>\n<\/div><\/div><\/div><\/div><div class=\"vc_row wpb_row vc_row-fluid container containerNoPadding\"><div class=\"wpb_column vc_column_container vc_col-sm-12\"><div class=\"vc_column-inner\"><div class=\"wpb_wrapper\"><div class=\"vc_row wpb_row vc_inner vc_row-fluid\"><div class=\"wpb_column vc_column_container vc_col-sm-12\"><div class=\"vc_column-inner\"><div class=\"wpb_wrapper\">\n\t<div class=\"wpb_text_column wpb_content_element\" >\n\t\t<div class=\"wpb_wrapper\">\n\t\t\t<p style=\"text-align: center;\">We are grateful that you would like to be part of the film as an extra or small actor. As a volunteer extra, you have the opportunity to be part of the shooting at least once. Your catering on the set is of course taken care of. There are numerous scenes in the film where we need extras in a wide variety of numbers and constellations. These include, among other things:<\/p>\n<p style=\"text-align: center;\">Guests in a breakfast restaurant, people strolling down a shopping street, colleagues working in a large office, people exercising in a fitness studio, participants in a charity gala in elegant evening wear, visitors to a nightclub and visitors to a tent revival.<\/p>\n<p style=\"text-align: center;\">If you would like to be part of the film as an extra, please fill out the following form so that we can get an overview. As soon as the production of the film is within reach, we will contact you.<\/p>\n<p style=\"text-align: center;\">We are looking forward to meeting you!<\/p>\n\n\t\t<\/div>\n\t<\/div>\n<\/div><\/div><\/div><\/div><\/div><\/div><\/div><\/div><div class=\"vc_row wpb_row vc_row-fluid container containerNoPadding vc_custom_1677356260607 vc_row-has-fill\"><div class=\"wpb_column vc_column_container vc_col-sm-12\"><div class=\"vc_column-inner\"><div class=\"wpb_wrapper\">\n\t<div class=\"wpb_text_column wpb_content_element\" >\n\t\t<div class=\"wpb_wrapper\">\n\t\t\t<div class=\"wp-block-contact-form-7-contact-form-selector\"><div role=\"form\" class=\"wpcf7\" id=\"wpcf7-f1561-o1\" lang=\"de-DE\" dir=\"ltr\">\n<div class=\"screen-reader-response\"><p role=\"status\" aria-live=\"polite\" aria-atomic=\"true\"><\/p> <ul><\/ul><\/div>\n<form action=\"\/en\/wp-json\/wp\/v2\/pages\/1559#wpcf7-f1561-o1\" method=\"post\" class=\"wpcf7-form init\" enctype=\"multipart\/form-data\" novalidate=\"novalidate\" data-status=\"init\" data-trp-original-action=\"\/en\/wp-json\/wp\/v2\/pages\/1559#wpcf7-f1561-o1\">\n<div style=\"display: none;\">\n<input type=\"hidden\" name=\"_wpcf7\" value=\"1561\" \/>\n<input type=\"hidden\" name=\"_wpcf7_version\" value=\"5.4.2\" \/>\n<input type=\"hidden\" name=\"_wpcf7_locale\" value=\"de_DE\" \/>\n<input type=\"hidden\" name=\"_wpcf7_unit_tag\" value=\"wpcf7-f1561-o1\" \/>\n<input type=\"hidden\" name=\"_wpcf7_container_post\" value=\"0\" \/>\n<input type=\"hidden\" name=\"_wpcf7_posted_data_hash\" value=\"\" \/>\n<input type=\"hidden\" name=\"_wpcf7_recaptcha_response\" value=\"\" \/>\n<\/div>\n<p><label> Full name<br \/>\n    <span class=\"wpcf7-form-control-wrap full-name\"><input type=\"text\" name=\"full-name\" value=\"\" size=\"40\" class=\"wpcf7-form-control wpcf7-text wpcf7-validates-as-required\" aria-required=\"true\" aria-invalid=\"false\" \/><\/span><\/label><\/p>\n<p><label> Date of birth<br \/>\n<span class=\"wpcf7-form-control-wrap date-of-birth\"><input type=\"date\" name=\"date-of-birth\" value=\"\" class=\"wpcf7-form-control wpcf7-date wpcf7-validates-as-required wpcf7-validates-as-date\" aria-required=\"true\" aria-invalid=\"false\" \/><\/span><\/label><\/p>\n<p><label> Street and number<br \/>\n    <span class=\"wpcf7-form-control-wrap street\"><input type=\"text\" name=\"street\" value=\"\" size=\"40\" class=\"wpcf7-form-control wpcf7-text wpcf7-validates-as-required\" aria-required=\"true\" aria-invalid=\"false\" \/><\/span> <\/label><\/p>\n<p><label> ZIP<br \/>\n    <span class=\"wpcf7-form-control-wrap zipcode\"><input type=\"text\" name=\"zipcode\" value=\"\" size=\"40\" class=\"wpcf7-form-control wpcf7-text wpcf7-validates-as-required\" aria-required=\"true\" aria-invalid=\"false\" \/><\/span> <\/label><\/p>\n<p><label> City<br \/>\n    <span class=\"wpcf7-form-control-wrap city\"><input type=\"text\" name=\"city\" value=\"\" size=\"40\" class=\"wpcf7-form-control wpcf7-text wpcf7-validates-as-required\" aria-required=\"true\" aria-invalid=\"false\" \/><\/span> <\/label><\/p>\n<p><label> Phone \/ Mobile<br \/>\n    <span class=\"wpcf7-form-control-wrap phone\"><input type=\"text\" name=\"phone\" value=\"\" size=\"40\" class=\"wpcf7-form-control wpcf7-text wpcf7-validates-as-required\" aria-required=\"true\" aria-invalid=\"false\" \/><\/span> <\/label><\/p>\n<p><label> Email address<br \/>\n    <span class=\"wpcf7-form-control-wrap your-email\"><input type=\"email\" name=\"your-email\" value=\"\" size=\"40\" class=\"wpcf7-form-control wpcf7-text wpcf7-email wpcf7-validates-as-required wpcf7-validates-as-email\" aria-required=\"true\" aria-invalid=\"false\" \/><\/span> <\/label><br \/>\n<br><\/p>\n<p><label>Photo 1<\/label><br \/>\n<span class=\"wpcf7-form-control-wrap photo\"><input type=\"file\" name=\"photo\" size=\"40\" class=\"wpcf7-form-control wpcf7-file wpcf7-validates-as-required\" accept=\".jpg,.png,.gif,.jpeg,.jfif,.bmp,.pdf\" aria-required=\"true\" aria-invalid=\"false\" \/><\/span><br \/>\n<br><\/p>\n<p><label>Photo 2 (optional)<\/label><br \/>\n<span class=\"wpcf7-form-control-wrap photo2\"><input type=\"file\" name=\"photo2\" size=\"40\" class=\"wpcf7-form-control wpcf7-file\" accept=\".jpg,.png,.gif,.jpeg,.jfif,.bmp,.pdf\" aria-invalid=\"false\" \/><\/span><br \/>\n<br><\/p>\n<p><label> Height<br \/>\n    <span class=\"wpcf7-form-control-wrap height\"><input type=\"text\" name=\"height\" value=\"\" size=\"40\" class=\"wpcf7-form-control wpcf7-text wpcf7-validates-as-required\" aria-required=\"true\" aria-invalid=\"false\" \/><\/span> <\/label><br \/>\n<br><\/p>\n<p><label> Stature<br \/>\n    <span class=\"wpcf7-form-control-wrap stature\"><input type=\"text\" name=\"stature\" value=\"\" size=\"40\" class=\"wpcf7-form-control wpcf7-text wpcf7-validates-as-required\" aria-required=\"true\" aria-invalid=\"false\" \/><\/span> <\/label><br \/>\n<br><\/p>\n<p><label> Hair color<br \/>\n    <span class=\"wpcf7-form-control-wrap hair-color\"><input type=\"text\" name=\"hair-color\" value=\"\" size=\"40\" class=\"wpcf7-form-control wpcf7-text wpcf7-validates-as-required\" aria-required=\"true\" aria-invalid=\"false\" \/><\/span> <\/label><br \/>\n<br><\/p>\n<p><label> Eye color<br \/>\n    <span class=\"wpcf7-form-control-wrap height\"><input type=\"text\" name=\"height\" value=\"\" size=\"40\" class=\"wpcf7-form-control wpcf7-text wpcf7-validates-as-required\" aria-required=\"true\" aria-invalid=\"false\" \/><\/span> <\/label><br \/>\n<br><\/p>\n<p><label>Previous experience (if available) \/ hobbies \/ special skills<\/p>\n<p><span class=\"wpcf7-form-control-wrap background-skills-experience\"><input type=\"text\" name=\"background-skills-experience\" value=\"\" size=\"40\" class=\"wpcf7-form-control wpcf7-text\" aria-invalid=\"false\" \/><\/span><\/label><br \/>\n<br><\/p>\n<p><label> Availability:<\/label><\/p>\n<p>Please give us a rough estimate of when and how much time you (probably) have for the shooting. Multiple crosses are possible. <\/p>\n<p><span class=\"wpcf7-form-control-wrap time-commitment\"><span class=\"wpcf7-form-control wpcf7-checkbox wpcf7-validates-as-required\"><span class=\"wpcf7-list-item first\"><input type=\"checkbox\" name=\"time-commitment[]\" value=\"Ich bin zeitlich vollkommen flexibel\" \/><span class=\"wpcf7-list-item-label\">I am totally flexible<\/span><\/span><span class=\"wpcf7-list-item\"><input type=\"checkbox\" name=\"time-commitment[]\" value=\"Ich habe vormittags Zeit\" \/><span class=\"wpcf7-list-item-label\">I'm mainly available in the morning<\/span><\/span><span class=\"wpcf7-list-item\"><input type=\"checkbox\" name=\"time-commitment[]\" value=\"Ich habe nachmittags Zeit\" \/><span class=\"wpcf7-list-item-label\">I'm mainly available in the afternoon<\/span><\/span><span class=\"wpcf7-list-item last\"><input type=\"checkbox\" name=\"time-commitment[]\" value=\"Ich habe nur abends Zeit\" \/><span class=\"wpcf7-list-item-label\">I'm only available in the evening<\/span><\/span><\/span><\/span><br \/>\n<br><\/p>\n<p><label> Special dietary requirements<\/label><br \/>\nAre you vegetarian or do you have an allergy? If so, please let us know so that we can take this into account when planning the catering for the shooting.<br \/>\n<span class=\"wpcf7-form-control-wrap meal-notes\"><input type=\"text\" name=\"meal-notes\" value=\"\" size=\"40\" class=\"wpcf7-form-control wpcf7-text\" aria-invalid=\"false\" \/><\/span><br \/>\n<br><\/p>\n<p><label> Other remarks<\/label><br \/>\n<span class=\"wpcf7-form-control-wrap comments\"><input type=\"text\" name=\"comments\" value=\"\" size=\"40\" class=\"wpcf7-form-control wpcf7-text\" aria-invalid=\"false\" \/><\/span><br \/>\n<br><\/p>\n<p><label> I agree:<\/label><\/p>\n<p><a href=\"https:\/\/wholehearted-shortfilm.com\/en\/datenschutzerklaerung\/\"><u>Find our data protection policy here<\/u><\/a> and <a href=\"https:\/\/wholehearted-shortfilm.com\/en\/core-values\/\"><u>our core values here<\/u><\/a>.<\/p>\n<p><span class=\"wpcf7-form-control-wrap legal-agreements\"><span class=\"wpcf7-form-control wpcf7-checkbox wpcf7-validates-as-required\"><span class=\"wpcf7-list-item first\"><input type=\"checkbox\" name=\"legal-agreements[]\" value=\"Datenschutzbestimmung\" \/><span class=\"wpcf7-list-item-label\">Data protection policy<\/span><\/span><span class=\"wpcf7-list-item last\"><input type=\"checkbox\" name=\"legal-agreements[]\" value=\"Unsere Werte\" \/><span class=\"wpcf7-list-item-label\">Core values<\/span><\/span><\/span><\/span><br \/>\n<br><\/p>\n<p><input type=\"submit\" value=\"Send message\" class=\"wpcf7-form-control wpcf7-submit\" \/><\/p>\n<div class=\"wpcf7-response-output\" aria-hidden=\"true\"><\/div><input type=\"hidden\" name=\"trp-form-language\" value=\"en\"\/><\/form><\/div><\/div>\n\n\t\t<\/div>\n\t<\/div>\n<\/div><\/div><\/div><\/div>","protected":false},"excerpt":{"rendered":"Als Komparse im Film mitmachen Wir freuen uns von ganzem Herzen, dass Du als Komparse oder Kleindarsteller Teil des Films werden m\u00f6chtest. Als ehrenamtlicher Komparse hast Du die M\u00f6glichkeit, mindestens einmal hautnah bei den Dreharbeiten dabei zu sein. F\u00fcr Deine Verpflegung am Set ist selbstverst\u00e4ndlich gesorgt. Es gibt zahlreiche Szenen im Film, wo wir Komparsen...","protected":false},"author":1,"featured_media":0,"parent":0,"menu_order":0,"comment_status":"closed","ping_status":"closed","template":"","meta":{"pgc_sgb_lightbox_settings":"","footnotes":""},"wpcf_dashboard":"<div class=\"woocommerce\"><div class=\"woocommerce-info\">Please log in first? <a class=\"wpneoShowLogin\" href=\"#\">Click here to login<\/a><\/div><div class=\"wpneo_login_form_div\" style=\"display: none;\"><form name=\"loginform\" id=\"loginform\" action=\"https:\/\/wholehearted-shortfilm.com\/wp-login.php\" method=\"post\"><p class=\"login-username\">\n\t\t\t\t<label for=\"user_login\">Username or Email Address<\/label>\n\t\t\t\t<input type=\"text\" name=\"log\" id=\"user_login\" autocomplete=\"username\" class=\"input\" value=\"\" size=\"20\" \/>\n\t\t\t<\/p><p class=\"login-password\">\n\t\t\t\t<label for=\"user_pass\">Password<\/label>\n\t\t\t\t<input type=\"password\" name=\"pwd\" id=\"user_pass\" autocomplete=\"current-password\" spellcheck=\"false\" class=\"input\" value=\"\" size=\"20\" \/>\n\t\t\t<\/p><p class=\"login-remember\"><label><input name=\"rememberme\" type=\"checkbox\" id=\"rememberme\" value=\"forever\" \/> Remember Me<\/label><\/p><p class=\"login-submit\">\n\t\t\t\t<input type=\"submit\" name=\"wp-submit\" id=\"wp-submit\" class=\"button button-primary\" value=\"Log In\" \/>\n\t\t\t\t<input type=\"hidden\" name=\"redirect_to\" value=\"https:\/\/wholehearted-shortfilm.com\/en\/wp-json\/wp\/v2\/pages\/1559\" \/>\n\t\t\t<\/p><\/form><\/div><\/div>","_links":{"self":[{"href":"https:\/\/wholehearted-shortfilm.com\/en\/wp-json\/wp\/v2\/pages\/1559"}],"collection":[{"href":"https:\/\/wholehearted-shortfilm.com\/en\/wp-json\/wp\/v2\/pages"}],"about":[{"href":"https:\/\/wholehearted-shortfilm.com\/en\/wp-json\/wp\/v2\/types\/page"}],"author":[{"embeddable":true,"href":"https:\/\/wholehearted-shortfilm.com\/en\/wp-json\/wp\/v2\/users\/1"}],"replies":[{"embeddable":true,"href":"https:\/\/wholehearted-shortfilm.com\/en\/wp-json\/wp\/v2\/comments?post=1559"}],"version-history":[{"count":9,"href":"https:\/\/wholehearted-shortfilm.com\/en\/wp-json\/wp\/v2\/pages\/1559\/revisions"}],"predecessor-version":[{"id":1570,"href":"https:\/\/wholehearted-shortfilm.com\/en\/wp-json\/wp\/v2\/pages\/1559\/revisions\/1570"}],"wp:attachment":[{"href":"https:\/\/wholehearted-shortfilm.com\/en\/wp-json\/wp\/v2\/media?parent=1559"}],"curies":[{"name":"wp","href":"https:\/\/api.w.org\/{rel}","templated":true}]}}