{"id":203,"date":"2017-03-15T13:13:19","date_gmt":"2017-03-15T13:13:19","guid":{"rendered":"http:\/\/www.demo.gloriathemes.com\/wp\/themovie\/?page_id=203"},"modified":"2022-10-04T23:37:35","modified_gmt":"2022-10-04T21:37:35","slug":"impressum","status":"publish","type":"page","link":"https:\/\/wholehearted-shortfilm.com\/en\/impressum\/","title":{"rendered":"Legal notices"},"content":{"rendered":"<div id=\"About\" data-vc-parallax=\"1.5\" data-vc-parallax-image=\"https:\/\/wholehearted-shortfilm.com\/wp-content\/uploads\/2017\/03\/wh_slider_bg_v2.jpg\" class=\"vc_row wpb_row vc_row-fluid vc_row-has-fill vc_general vc_parallax vc_parallax-content-moving\"><div class=\"wpb_column vc_column_container vc_col-sm-12\"><div class=\"vc_column-inner\"><div class=\"wpb_wrapper\"><div class=\"vc_empty_space\"   style=\"height: 16px\" ><span class=\"vc_empty_space_inner\"><\/span><\/div>\n\n\t<div class=\"wpb_text_column wpb_content_element  yellow\" >\n\t\t<div class=\"wpb_wrapper\">\n\t\t\t<div class=\"content-title-element yellow\">\n<div class=\"title\">Legal notices<\/div>\n<\/div>\n\n\t\t<\/div>\n\t<\/div>\n<div class=\"vc_empty_space\"   style=\"height: 16px\" ><span class=\"vc_empty_space_inner\"><\/span><\/div>\n<\/div><\/div><\/div><\/div><div class=\"vc_row wpb_row vc_row-fluid\"><div class=\"wpb_column vc_column_container vc_col-sm-12\"><div class=\"vc_column-inner\"><div class=\"wpb_wrapper\"><div class=\"vc_empty_space\"   style=\"height: 32px\" ><span class=\"vc_empty_space_inner\"><\/span><\/div>\n<\/div><\/div><\/div><\/div><div class=\"vc_row wpb_row vc_row-fluid container containerNoPadding\"><div class=\"wpb_column vc_column_container vc_col-sm-2 vc_hidden-md vc_hidden-sm vc_hidden-xs\"><div class=\"vc_column-inner\"><div class=\"wpb_wrapper\"><\/div><\/div><\/div><div class=\"wpb_column vc_column_container vc_col-sm-6 vc_col-lg-4\"><div class=\"vc_column-inner\"><div class=\"wpb_wrapper\">\n\t<div class=\"wpb_text_column wpb_content_element\" >\n\t\t<div class=\"wpb_wrapper\">\n\t\t\t<p><strong>Responsible for the content of this website :<\/strong><\/p>\n<p>Wholehearted Pictures e.V.<br \/>Bronn\u00e4ckerstr. 44<br \/>73527 Schw\u00e4bisch Gm\u00fcnd<br \/>Germany<\/p>\n<p>Telefon: 07171 \/ 7988017<br \/>Email:<a href=\"mailto:production@wholehearted-shortfilm.com\"> production@wholehearted-shortfilm.com<\/a><\/p>\n<p>Register number: VR 722194<br \/>Register: Amtsgericht Ulm<br \/>Tax number: 83085\/59370<\/p>\n<p>We are recognized as non-profit by the Schw\u00e4bisch Gm\u00fcnd tax office.<\/p>\n\n\t\t<\/div>\n\t<\/div>\n<\/div><\/div><\/div><div class=\"wpb_column vc_column_container vc_col-sm-6 vc_col-lg-4\"><div class=\"vc_column-inner\"><div class=\"wpb_wrapper\">\n\t<div class=\"wpb_text_column wpb_content_element\" >\n\t\t<div class=\"wpb_wrapper\">\n\t\t\t<p><strong>Board members authorized to represent:<\/strong><\/p>\n<p>Kornelius Scheel<br \/>Am Limes 66<br \/>73527 Schw\u00e4bisch Gm\u00fcnd<br \/>Germany<\/p>\n<p><a href=\"mailto:kornelius@wholehearted-shortfilm.com\">kornelius@wholehearted-shortfilm.com<\/a><\/p>\n<p>Stefan Friedel<br \/>Bronn\u00e4ckerstra\u00dfe 44<br \/>73527 Schw\u00e4bisch Gm\u00fcnd\/Zimmern<br \/>Germany<\/p>\n<p><a href=\"mailto:stefan@wholehearted-shortfilm.com\">stefan@wholehearted-shortfilm.com<\/a><\/p>\n<p>Tabea Scheel<br \/>Am Limes 66<br \/>73527 Schw\u00e4bisch Gm\u00fcnd<br \/>Germany<\/p>\n<p><a href=\"mailto:tabea@wholehearted-shortfilm.com\">tabea@wholehearted-shortfilm.com<\/a><\/p>\n\n\t\t<\/div>\n\t<\/div>\n<\/div><\/div><\/div><div class=\"wpb_column vc_column_container vc_col-sm-2 vc_hidden-md vc_hidden-sm vc_hidden-xs\"><div class=\"vc_column-inner\"><div class=\"wpb_wrapper\"><\/div><\/div><\/div><\/div><div class=\"vc_row wpb_row vc_row-fluid\"><div class=\"wpb_column vc_column_container vc_col-sm-12\"><div class=\"vc_column-inner\"><div class=\"wpb_wrapper\"><div class=\"vc_empty_space\"   style=\"height: 32px\" ><span class=\"vc_empty_space_inner\"><\/span><\/div>\n<\/div><\/div><\/div><\/div><div class=\"vc_row wpb_row vc_row-fluid container containerNoPadding\"><div class=\"wpb_column vc_column_container vc_col-sm-2 vc_hidden-md vc_hidden-sm vc_hidden-xs\"><div class=\"vc_column-inner\"><div class=\"wpb_wrapper\"><\/div><\/div><\/div><div class=\"wpb_column vc_column_container vc_col-sm-6 vc_col-lg-4\"><div class=\"vc_column-inner\"><div class=\"wpb_wrapper\"><div class=\"vc_btn3-container  wplightbox vc_btn3-center\" >\n\t<a class=\"vc_general vc_btn3 vc_btn3-size-md vc_btn3-shape-square vc_btn3-style-modern vc_btn3-color-grey\" href=\"https:\/\/wholehearted-shortfilm.com\/en\/datenschutzerklaerung\/\" title=\"Privacy policy\">Privacy policy<\/a><\/div>\n<\/div><\/div><\/div><div class=\"wpb_column vc_column_container vc_col-sm-6 vc_col-lg-4\"><div class=\"vc_column-inner\"><div class=\"wpb_wrapper\"><div class=\"vc_btn3-container  wplightbox vc_btn3-center\" >\n\t<a class=\"vc_general vc_btn3 vc_btn3-size-md vc_btn3-shape-square vc_btn3-style-modern vc_btn3-color-grey\" href=\"https:\/\/wholehearted-shortfilm.com\/en\/cookie-richtlinie-eu\/\" title=\"Cookie policy\">Cookie policy<\/a><\/div>\n<\/div><\/div><\/div><div class=\"wpb_column vc_column_container vc_col-sm-2 vc_hidden-md vc_hidden-sm vc_hidden-xs\"><div class=\"vc_column-inner\"><div class=\"wpb_wrapper\"><\/div><\/div><\/div><\/div>","protected":false},"excerpt":{"rendered":"Impressum Verantwortlich f\u00fcr den Inhalt der Webseite: Wholehearted Pictures e.V.Bronn\u00e4ckerstr. 4473527 Schw\u00e4bisch Gm\u00fcndDeutschland Telefon: 07171 \/ 7988017E-Mail: production@wholehearted-shortfilm.com Vereinsregister-Nr.: VR 722194Vereinsregister: Amtsgericht UlmSteuer-Nr.: 83085\/59370 Wir sind vom Finanzamt Schw\u00e4bisch Gm\u00fcnd als gemeinn\u00fctzig anerkannt. Vertretungsberechtige Vorst\u00e4nde: Kornelius ScheelAm Limes 6673527 Schw\u00e4bisch Gm\u00fcndDeutschland kornelius@wholehearted-shortfilm.com Stefan FriedelBronn\u00e4ckerstra\u00dfe 4473527 Schw\u00e4bisch Gm\u00fcnd\/ZimmernDeutschland stefan@wholehearted-shortfilm.com Tabea ScheelAm Limes 6673527 Schw\u00e4bisch Gm\u00fcndDeutschland tabea@wholehearted-shortfilm.com...","protected":false},"author":1,"featured_media":0,"parent":0,"menu_order":0,"comment_status":"closed","ping_status":"closed","template":"","meta":{"pgc_sgb_lightbox_settings":"","footnotes":""},"wpcf_dashboard":"<div class=\"woocommerce\"><div class=\"woocommerce-info\">Please log in first? <a class=\"wpneoShowLogin\" href=\"#\">Click here to login<\/a><\/div><div class=\"wpneo_login_form_div\" style=\"display: none;\"><form name=\"loginform\" id=\"loginform\" action=\"https:\/\/wholehearted-shortfilm.com\/wp-login.php\" method=\"post\"><p class=\"login-username\">\n\t\t\t\t<label for=\"user_login\">Username or Email Address<\/label>\n\t\t\t\t<input type=\"text\" name=\"log\" id=\"user_login\" autocomplete=\"username\" class=\"input\" value=\"\" size=\"20\" \/>\n\t\t\t<\/p><p class=\"login-password\">\n\t\t\t\t<label for=\"user_pass\">Password<\/label>\n\t\t\t\t<input type=\"password\" name=\"pwd\" id=\"user_pass\" autocomplete=\"current-password\" spellcheck=\"false\" class=\"input\" value=\"\" size=\"20\" \/>\n\t\t\t<\/p><p class=\"login-remember\"><label><input name=\"rememberme\" type=\"checkbox\" id=\"rememberme\" value=\"forever\" \/> Remember Me<\/label><\/p><p class=\"login-submit\">\n\t\t\t\t<input type=\"submit\" name=\"wp-submit\" id=\"wp-submit\" class=\"button button-primary\" value=\"Log In\" \/>\n\t\t\t\t<input type=\"hidden\" name=\"redirect_to\" value=\"https:\/\/wholehearted-shortfilm.com\/en\/wp-json\/wp\/v2\/pages\/203\" \/>\n\t\t\t<\/p><\/form><\/div><\/div>","_links":{"self":[{"href":"https:\/\/wholehearted-shortfilm.com\/en\/wp-json\/wp\/v2\/pages\/203"}],"collection":[{"href":"https:\/\/wholehearted-shortfilm.com\/en\/wp-json\/wp\/v2\/pages"}],"about":[{"href":"https:\/\/wholehearted-shortfilm.com\/en\/wp-json\/wp\/v2\/types\/page"}],"author":[{"embeddable":true,"href":"https:\/\/wholehearted-shortfilm.com\/en\/wp-json\/wp\/v2\/users\/1"}],"replies":[{"embeddable":true,"href":"https:\/\/wholehearted-shortfilm.com\/en\/wp-json\/wp\/v2\/comments?post=203"}],"version-history":[{"count":25,"href":"https:\/\/wholehearted-shortfilm.com\/en\/wp-json\/wp\/v2\/pages\/203\/revisions"}],"predecessor-version":[{"id":1454,"href":"https:\/\/wholehearted-shortfilm.com\/en\/wp-json\/wp\/v2\/pages\/203\/revisions\/1454"}],"wp:attachment":[{"href":"https:\/\/wholehearted-shortfilm.com\/en\/wp-json\/wp\/v2\/media?parent=203"}],"curies":[{"name":"wp","href":"https:\/\/api.w.org\/{rel}","templated":true}]}}