{"id":278,"date":"2017-03-15T14:17:51","date_gmt":"2017-03-15T14:17:51","guid":{"rendered":"http:\/\/www.demo.gloriathemes.com\/wp\/themovie\/?page_id=278"},"modified":"2017-03-15T14:17:51","modified_gmt":"2017-03-15T14:17:51","slug":"blog-2-2","status":"publish","type":"page","link":"https:\/\/wholehearted-shortfilm.com\/en\/blog-2-2\/","title":{"rendered":"Blog 2"},"content":{"rendered":"<div class=\"vc_row wpb_row vc_row-fluid\"><div class=\"wpb_column vc_column_container vc_col-sm-12\"><div class=\"vc_column-inner vc_custom_1489588852919\"><div class=\"wpb_wrapper\"><div class=\"themovie-latest-posts-element style2\"><div class=\"archive-post-list-style-2 post-list\"><div class=\"post-list-styles post-list-style-2\"><div class=\"title\"><a href=\"https:\/\/wholehearted-shortfilm.com\/en\/2025\/10\/21\/projekt-update-2nd-assistant-director-location-scout-in-villingen-schwenningen\/\" title=\"Projekt-Update: 2nd Assistant Director &#038; Location Scout in Villingen-Schwenningen\">Projekt-Update: 2nd Assistant Director &#038; Location Scout in Villingen-Schwenningen<\/a><\/div><div class=\"excerpt\">D\u00fcrfen wir vorstellen? Tabea Lutz: 2nd Assistant Director Heute d\u00fcrfen wir euch die zweite Schl\u00fcsselperson im Assistant Director Department vorstellen: Tabea Lutz. Tabea studiert Medienmanagement und hat schon lange eine Faszination f\u00fcr Film. Bereits w\u00e4hrend ihrer Schulzeit war sie bei Projekten der Filmakademie Ludwigsburg dabei. Sp\u00e4ter folgten dann Projekte f\u00fcr die christliche Organisation \u201eWort des...<\/div><\/div><div class=\"post-list-styles post-list-style-2\"><div class=\"title\"><a href=\"https:\/\/wholehearted-shortfilm.com\/en\/2025\/07\/02\/projekt-update-budget-reduziert-1st-assistant-director-und-cwvff2025\/\" title=\"Projekt-Update: Budget reduziert, 1st Assistant Director und CWVFF2025\">Projekt-Update: Budget reduziert, 1st Assistant Director und CWVFF2025<\/a><\/div><div class=\"excerpt\">Wir konnten das Budget reduzieren! Auch wenn die Finanzierungskampagne zuletzt kaum Fortschritte machte, durften wir in den letzten drei Wochen erleben, wie Gott im Hintergrund wirkt \u2013 besonders bei der Crew-Findung und der Vernetzung christlicher Filmemacher in Deutschland und international. Gleichzeitig haben wir das Budget \u00fcberarbeitet und aktualisiert, um es weiter zu reduzieren. Dank Gottes...<\/div><\/div><div class=\"post-list-styles post-list-style-2\"><div class=\"title\"><a href=\"https:\/\/wholehearted-shortfilm.com\/en\/2024\/12\/21\/projekt-update-ein-paar-kleine-updates-vor-weihnachten\/\" title=\"Projekt-Update: Ein paar kleine Updates vor Weihnachten\">Projekt-Update: Ein paar kleine Updates vor Weihnachten<\/a><\/div><div class=\"excerpt\">Es ist eine Weile her seit dem letzten Newsletter. Die vergangenen Wochen und Monate waren bei uns au\u00dferhalb von [W]holehearted sehr besch\u00e4ftigt und bei [W]H befinden wir uns nach wie vor in der Finanzierung. Aber es gibt dennoch ein paar coole Nueigkeiten und hier kommt ein kleiner \u00dcberblick. Ein Drehort f\u00fcr die Zeltevangelisation Wir freuen...<\/div><\/div><div class=\"post-list-styles post-list-style-2\"><div class=\"title\"><a href=\"https:\/\/wholehearted-shortfilm.com\/en\/2024\/04\/08\/projekt-update-ergebnisse-der-weihnachts-verdopplungsaktion-location-department-cwvff\/\" title=\"Projekt-Update: Ergebnisse der Weihnachts-Verdopplungsaktion, Location-Department &#038; CWVFF\">Projekt-Update: Ergebnisse der Weihnachts-Verdopplungsaktion, Location-Department &#038; CWVFF<\/a><\/div><div class=\"excerpt\">Auch wenn es schon nach Ostern ist, w\u00fcnschen wir euch allen noch ein gesegnetes, frohes, gesundes und erfolgreiches neues Jahr 2024! Wir hoffen, ihr seid alle gut ins Jahr gestartet und hattet ein tolles erstes Quartal. Seit dem vorigen Newsletter ist diesmal viel Zeit vergangen und das mehrere Gr\u00fcnde. Kornelius und Tabea sind im November...<\/div><\/div><div class=\"post-list-styles post-list-style-2\"><div class=\"title\"><a href=\"https:\/\/wholehearted-shortfilm.com\/en\/2023\/09\/10\/projekt-update-ankuendigung-komponist-zu-gast-im-podcast-ausgesprochen-brennbar\/\" title=\"Projekt-Update: Ank\u00fcndigung Komponist &#038; zu Gast im Podcast &#8220;Ausgesprochen Brennbar&#8221;\">Project update: Announcement of composer &amp; guest on the podcast \u201cAusgesprochen Brennbar\u201d<\/a><\/div><div class=\"excerpt\">At the beginning of September and the end of the summer holidays, we would like to bring you, dear friends and supporters, up to date on [W]holehearted.\n\nCurrent donation status\nAt the moment our donation level is \u20ac12,912.00. The status has not changed since the last newsletter in August, but it was also the holiday season and it is still a considerable...<\/div><\/div><div class=\"post-list-styles post-list-style-2\"><div class=\"title\"><a href=\"https:\/\/wholehearted-shortfilm.com\/en\/2023\/08\/06\/projekt-update-was-es-im-sommer-neues-gibt\/\" title=\"Project update: The news for summer\">Project update: The news for summer<\/a><\/div><div class=\"excerpt\">At the beginning of the summer holidays we would like to bring you, dear friends and supporters, up to date on [W]holehearted. Current donation status At the moment our donation level is \u20ac12,912.00. We thank God and all supporters from the bottom of our hearts for your generous financial support! Actors, locations and more... As mentioned recently, we can of course only start...<\/div><\/div><\/div><nav class=\"post-pagination\"><ul><li class=\"next\"><a href=\"https:\/\/wholehearted-shortfilm.com\/en\/wp-json\/wp\/v2\/pages\/278\/page\/2\/\" ><span>Next Posts<\/span><i class=\"fa fa-angle-right\" aria-hidden=\"true\"><\/i><\/a><\/li><\/ul><\/nav><\/div><\/div><\/div><\/div><\/div>","protected":false},"excerpt":{"rendered":"At the beginning of the summer holidays we would like to bring you, dear friends and supporters, up to date on [W]holehearted. Current donation status At the moment our donation level is \u20ac12,912.00. We thank God and all supporters from the bottom of our hearts for your generous financial support! Actors, locations and more... As mentioned recently, we can of course only start...","protected":false},"author":1,"featured_media":0,"parent":0,"menu_order":0,"comment_status":"closed","ping_status":"closed","template":"","meta":{"pgc_sgb_lightbox_settings":"","footnotes":""},"wpcf_dashboard":"<div class=\"woocommerce\"><div class=\"woocommerce-info\">Please log in first? <a class=\"wpneoShowLogin\" href=\"#\">Click here to login<\/a><\/div><div class=\"wpneo_login_form_div\" style=\"display: none;\"><form name=\"loginform\" id=\"loginform\" action=\"https:\/\/wholehearted-shortfilm.com\/wp-login.php\" method=\"post\"><p class=\"login-username\">\n\t\t\t\t<label for=\"user_login\">Username or Email Address<\/label>\n\t\t\t\t<input type=\"text\" name=\"log\" id=\"user_login\" autocomplete=\"username\" class=\"input\" value=\"\" size=\"20\" \/>\n\t\t\t<\/p><p class=\"login-password\">\n\t\t\t\t<label for=\"user_pass\">Password<\/label>\n\t\t\t\t<input type=\"password\" name=\"pwd\" id=\"user_pass\" autocomplete=\"current-password\" spellcheck=\"false\" class=\"input\" value=\"\" size=\"20\" \/>\n\t\t\t<\/p><p class=\"login-remember\"><label><input name=\"rememberme\" type=\"checkbox\" id=\"rememberme\" value=\"forever\" \/> Remember Me<\/label><\/p><p class=\"login-submit\">\n\t\t\t\t<input type=\"submit\" name=\"wp-submit\" id=\"wp-submit\" class=\"button button-primary\" value=\"Log In\" \/>\n\t\t\t\t<input type=\"hidden\" name=\"redirect_to\" value=\"https:\/\/wholehearted-shortfilm.com\/en\/wp-json\/wp\/v2\/pages\/278\" \/>\n\t\t\t<\/p><\/form><\/div><\/div>","_links":{"self":[{"href":"https:\/\/wholehearted-shortfilm.com\/en\/wp-json\/wp\/v2\/pages\/278"}],"collection":[{"href":"https:\/\/wholehearted-shortfilm.com\/en\/wp-json\/wp\/v2\/pages"}],"about":[{"href":"https:\/\/wholehearted-shortfilm.com\/en\/wp-json\/wp\/v2\/types\/page"}],"author":[{"embeddable":true,"href":"https:\/\/wholehearted-shortfilm.com\/en\/wp-json\/wp\/v2\/users\/1"}],"replies":[{"embeddable":true,"href":"https:\/\/wholehearted-shortfilm.com\/en\/wp-json\/wp\/v2\/comments?post=278"}],"version-history":[{"count":0,"href":"https:\/\/wholehearted-shortfilm.com\/en\/wp-json\/wp\/v2\/pages\/278\/revisions"}],"wp:attachment":[{"href":"https:\/\/wholehearted-shortfilm.com\/en\/wp-json\/wp\/v2\/media?parent=278"}],"curies":[{"name":"wp","href":"https:\/\/api.w.org\/{rel}","templated":true}]}}