{"id":742,"date":"2020-12-28T16:06:54","date_gmt":"2020-12-28T15:06:54","guid":{"rendered":"http:\/\/wholehearted-shortfilm.com\/?page_id=742"},"modified":"2025-11-22T11:10:05","modified_gmt":"2025-11-22T10:10:05","slug":"projektfortschritt","status":"publish","type":"page","link":"https:\/\/wholehearted-shortfilm.com\/en\/projektfortschritt\/","title":{"rendered":"Project progress"},"content":{"rendered":"<div id=\"About\" data-vc-parallax=\"1.5\" data-vc-parallax-image=\"https:\/\/wholehearted-shortfilm.com\/wp-content\/uploads\/2017\/03\/wh_slider_bg_v2.jpg\" class=\"vc_row wpb_row vc_row-fluid vc_row-has-fill vc_general vc_parallax vc_parallax-content-moving\"><div class=\"wpb_column vc_column_container vc_col-sm-12\"><div class=\"vc_column-inner\"><div class=\"wpb_wrapper\"><div class=\"vc_empty_space\"   style=\"height: 16px\" ><span class=\"vc_empty_space_inner\"><\/span><\/div>\n\n\t<div class=\"wpb_text_column wpb_content_element  yellow\" >\n\t\t<div class=\"wpb_wrapper\">\n\t\t\t<div class=\"content-title-element yellow\">\n<div class=\"title\">Project progress<\/div>\n<\/div>\n\n\t\t<\/div>\n\t<\/div>\n<div class=\"vc_empty_space\"   style=\"height: 16px\" ><span class=\"vc_empty_space_inner\"><\/span><\/div>\n<\/div><\/div><\/div><\/div><div class=\"vc_row wpb_row vc_row-fluid container containerNoPadding\"><div class=\"wpb_column vc_column_container vc_col-sm-12\"><div class=\"vc_column-inner\"><div class=\"wpb_wrapper\">\n\t<div class=\"wpb_text_column wpb_content_element\" >\n\t\t<div class=\"wpb_wrapper\">\n\t\t\t<p>It\u2019s a long road to the finished film. On this page we would like to give you an overview of where we are at the moment with [W]holehearted, what work has already been completed and what is still ahead of us. By the way \u2013 we can still use help at any point. If you want to be part of the team or support us with prayer or a donation \u2013 write to us!<\/p>\n\n\t\t<\/div>\n\t<\/div>\n<div class=\"vc_empty_space\"   style=\"height: 32px\" ><span class=\"vc_empty_space_inner\"><\/span><\/div>\n<div class=\"content-title-element dark\"><div class=\"title\">Story &amp; development<\/div><\/div><div class=\"vc_empty_space\"   style=\"height: 16px\" ><span class=\"vc_empty_space_inner\"><\/span><\/div>\n<\/div><\/div><\/div><\/div><div class=\"vc_row wpb_row vc_row-fluid container containerNoPadding\"><div class=\"wpb_column vc_column_container vc_col-sm-12\"><div class=\"vc_column-inner\"><div class=\"wpb_wrapper\"><div class=\"vc_progress_bar wpb_content_element\" ><div class=\"vc_general vc_single_bar\"><small class=\"vc_label\" style=\"color: #ffffff;\">Story development &amp; first draft of script<\/small><span class=\"vc_bar\" data-percentage-value=\"100\" data-value=\"100\" style=\"background-color: #337ab7;\"><\/span><\/div><div class=\"vc_general vc_single_bar\"><small class=\"vc_label\" style=\"color: #262626;\">Script feedback &amp; revisions<\/small><span class=\"vc_bar\" data-percentage-value=\"100\" data-value=\"100\" style=\"background-color: #ddc399;\"><\/span><\/div><div class=\"vc_general vc_single_bar\"><small class=\"vc_label\" style=\"color: #ffffff;\">Final draft of script<\/small><span class=\"vc_bar\" data-percentage-value=\"100\" data-value=\"100\" style=\"background-color: #337ab7;\"><\/span><\/div><div class=\"vc_general vc_single_bar\"><small class=\"vc_label\" style=\"color: #262626;\">Expos\u00e9, project package, web- and social media presence<\/small><span class=\"vc_bar\" data-percentage-value=\"98\" data-value=\"98\" style=\"background-color: #ddc399;\"><\/span><\/div><div class=\"vc_general vc_single_bar\"><small class=\"vc_label\" style=\"color: #ffffff;\">First audiovisiual development \/ look development \/ audiovisual design \/ moddboards \/ first storyboards<\/small><span class=\"vc_bar\" data-percentage-value=\"70\" data-value=\"70\" style=\"background-color: #337ab7;\"><\/span><\/div><\/div><div class=\"vc_empty_space\"   style=\"height: 32px\" ><span class=\"vc_empty_space_inner\"><\/span><\/div>\n<\/div><\/div><\/div><\/div><div class=\"vc_row wpb_row vc_row-fluid container containerNoPadding\"><div class=\"wpb_column vc_column_container vc_col-sm-12\"><div class=\"vc_column-inner\"><div class=\"wpb_wrapper\"><div class=\"content-title-element dark\"><div class=\"title\">Funding<\/div><\/div><div class=\"vc_empty_space\"   style=\"height: 16px\" ><span class=\"vc_empty_space_inner\"><\/span><\/div>\n<div class=\"vc_progress_bar wpb_content_element\" ><div class=\"vc_general vc_single_bar\"><small class=\"vc_label\" style=\"color: #262626;\">Preliminary calculation \/ budget determination<\/small><span class=\"vc_bar\" data-percentage-value=\"100\" data-value=\"100\" style=\"background-color: #ddc399;\"><\/span><\/div><div class=\"vc_general vc_single_bar\"><small class=\"vc_label\" style=\"color:#ffffff;\">Financial planning<\/small><span class=\"vc_bar\" data-percentage-value=\"100\" data-value=\"100\" style=\"background-color: #337ab7;\"><\/span><\/div><div class=\"vc_general vc_single_bar\"><small class=\"vc_label\" style=\"color: #262626;\">Funding (% of funding goal met, updated once a day)<\/small><span class=\"vc_bar\" data-percentage-value=\"16\" data-value=\"16\" style=\"background-color: #ddc399;\"><\/span><\/div><\/div><div class=\"vc_empty_space\"   style=\"height: 32px\" ><span class=\"vc_empty_space_inner\"><\/span><\/div>\n<div class=\"content-title-element dark\"><div class=\"title\">Pre production &amp; production<\/div><\/div><div class=\"vc_empty_space\"   style=\"height: 16px\" ><span class=\"vc_empty_space_inner\"><\/span><\/div>\n<div class=\"vc_progress_bar wpb_content_element  vc_progress-bar-color-bar_grey\" ><div class=\"vc_general vc_single_bar\"><small class=\"vc_label\" style=\"color: #ffffff;\">Crew recruitment<\/small><span class=\"vc_bar\" data-percentage-value=\"45\" data-value=\"45\" style=\"background-color: #337ab7;\"><\/span><\/div><div class=\"vc_general vc_single_bar\"><small class=\"vc_label\" style=\"color: #262626;\">Casting<\/small><span class=\"vc_bar\" data-percentage-value=\"20\" data-value=\"20\" style=\"background-color: #ddc399;\"><\/span><\/div><div class=\"vc_general vc_single_bar\"><small class=\"vc_label\" style=\"color: #ffffff;\">Location scouting<\/small><span class=\"vc_bar\" data-percentage-value=\"40\" data-value=\"40\" style=\"background-color: #337ab7;\"><\/span><\/div><div class=\"vc_general vc_single_bar\"><small class=\"vc_label\" style=\"color: #262626;\">Wardrobe \/ property<\/small><span class=\"vc_bar\" data-percentage-value=\"0\" data-value=\"0\" style=\"background-color: #ddc399;\"><\/span><\/div><div class=\"vc_general vc_single_bar\"><small class=\"vc_label\" style=\"color: #262626;\">Camera pre prodcution \/ shot list \/ storyboard \/ light planning<\/small><span class=\"vc_bar\" data-percentage-value=\"0\" data-value=\"0\" style=\"background-color: #337ab7;\"><\/span><\/div><div class=\"vc_general vc_single_bar\"><small class=\"vc_label\" style=\"color: #262626;\">Production (principal photography)<\/small><span class=\"vc_bar\" data-percentage-value=\"0\" data-value=\"0\" style=\"background-color: #ddc399;\"><\/span><\/div><\/div><div class=\"vc_empty_space\"   style=\"height: 32px\" ><span class=\"vc_empty_space_inner\"><\/span><\/div>\n<div class=\"content-title-element dark\"><div class=\"title\">post production<\/div><\/div><div class=\"vc_empty_space\"   style=\"height: 16px\" ><span class=\"vc_empty_space_inner\"><\/span><\/div>\n<div class=\"vc_progress_bar wpb_content_element  vc_progress-bar-color-custom\" ><div class=\"vc_general vc_single_bar\"><small class=\"vc_label\" style=\"color: #262626;\">Editing<\/small><span class=\"vc_bar\" data-percentage-value=\"0\" data-value=\"0\" style=\"background-color: #337ab7;\"><\/span><\/div><div class=\"vc_general vc_single_bar\"><small class=\"vc_label\" style=\"color: #262626;\">Visual Effects<\/small><span class=\"vc_bar\" data-percentage-value=\"0\" data-value=\"0\" style=\"background-color: #ddc399;\"><\/span><\/div><div class=\"vc_general vc_single_bar\"><small class=\"vc_label\" style=\"color: #262626;\">Sound design \/ music \/ sound mixing<\/small><span class=\"vc_bar\" data-percentage-value=\"0\" data-value=\"0\" style=\"background-color: #337ab7;\"><\/span><\/div><div class=\"vc_general vc_single_bar\"><small class=\"vc_label\" style=\"color: #262626;\">Color grading<\/small><span class=\"vc_bar\" data-percentage-value=\"0\" data-value=\"0\" style=\"background-color: #ddc399;\"><\/span><\/div><div class=\"vc_general vc_single_bar\"><small class=\"vc_label\" style=\"color: #262626;\">Creation of English dubbed version<\/small><span class=\"vc_bar\" data-percentage-value=\"0\" data-value=\"0\" style=\"background-color: #337ab7;\"><\/span><\/div><\/div><div class=\"vc_empty_space\"   style=\"height: 32px\" ><span class=\"vc_empty_space_inner\"><\/span><\/div>\n<div class=\"content-title-element dark\"><div class=\"title\">Publishing &amp; outreach<\/div><\/div><div class=\"vc_empty_space\"   style=\"height: 16px\" ><span class=\"vc_empty_space_inner\"><\/span><\/div>\n<div class=\"vc_progress_bar wpb_content_element  vc_progress-bar-color-custom\" ><div class=\"vc_general vc_single_bar\"><small class=\"vc_label\" style=\"color: #262626;\">Online experience \/ landing page for viewers, who were moved by the message<\/small><span class=\"vc_bar\" data-percentage-value=\"0\" data-value=\"0\" style=\"background-color: #ddc399;\"><\/span><\/div><div class=\"vc_general vc_single_bar\"><small class=\"vc_label\" style=\"color: #262626;\">Publishing the German version (video plattforms, film website, etc.)<\/small><span class=\"vc_bar\" data-percentage-value=\"0\" data-value=\"0\" style=\"background-color: #337ab7;\"><\/span><\/div><div class=\"vc_general vc_single_bar\"><small class=\"vc_label\" style=\"color: #262626;\">Publishing the English version (video plattforms, film website, etc.)<\/small><span class=\"vc_bar\" data-percentage-value=\"0\" data-value=\"0\" style=\"background-color: #ddc399;\"><\/span><\/div><div class=\"vc_general vc_single_bar\"><small class=\"vc_label\" style=\"color: #262626;\">Bonus material: DVD, Blu-ray, small group study material, etc.<\/small><span class=\"vc_bar\" data-percentage-value=\"0\" data-value=\"0\" style=\"background-color: #337ab7;\"><\/span><\/div><\/div><\/div><\/div><\/div><\/div><div class=\"vc_row wpb_row vc_row-fluid container containerNoPadding\"><div class=\"wpb_column vc_column_container vc_col-sm-12\"><div class=\"vc_column-inner\"><div class=\"wpb_wrapper\"><\/div><\/div><\/div><\/div>","protected":false},"excerpt":{"rendered":"Projektfortschritt Der Weg zum fertigen Film ist lang. Hier m\u00f6chten wir Dir einen \u00dcberblick dar\u00fcber geben, wo wir gerade mit [W]holehearted stehen, welche Arbeiten bereits abgeschlossen sind und was noch vor uns liegt. \u00dcbrigens - An jedem Punkt k\u00f6nnen wir noch Hilfe gebrauchen. Wenn Du Teil des Teams sein oder uns durch Gebet oder eine...","protected":false},"author":1,"featured_media":0,"parent":0,"menu_order":0,"comment_status":"closed","ping_status":"closed","template":"","meta":{"pgc_sgb_lightbox_settings":"","footnotes":""},"wpcf_dashboard":"<div class=\"woocommerce\"><div class=\"woocommerce-info\">Please log in first? <a class=\"wpneoShowLogin\" href=\"#\">Click here to login<\/a><\/div><div class=\"wpneo_login_form_div\" style=\"display: none;\"><form name=\"loginform\" id=\"loginform\" action=\"https:\/\/wholehearted-shortfilm.com\/wp-login.php\" method=\"post\"><p class=\"login-username\">\n\t\t\t\t<label for=\"user_login\">Username or Email Address<\/label>\n\t\t\t\t<input type=\"text\" name=\"log\" id=\"user_login\" autocomplete=\"username\" class=\"input\" value=\"\" size=\"20\" \/>\n\t\t\t<\/p><p class=\"login-password\">\n\t\t\t\t<label for=\"user_pass\">Password<\/label>\n\t\t\t\t<input type=\"password\" name=\"pwd\" id=\"user_pass\" autocomplete=\"current-password\" spellcheck=\"false\" class=\"input\" value=\"\" size=\"20\" \/>\n\t\t\t<\/p><p class=\"login-remember\"><label><input name=\"rememberme\" type=\"checkbox\" id=\"rememberme\" value=\"forever\" \/> Remember Me<\/label><\/p><p class=\"login-submit\">\n\t\t\t\t<input type=\"submit\" name=\"wp-submit\" id=\"wp-submit\" class=\"button button-primary\" value=\"Log In\" \/>\n\t\t\t\t<input type=\"hidden\" name=\"redirect_to\" value=\"https:\/\/wholehearted-shortfilm.com\/en\/wp-json\/wp\/v2\/pages\/742\" \/>\n\t\t\t<\/p><\/form><\/div><\/div>","_links":{"self":[{"href":"https:\/\/wholehearted-shortfilm.com\/en\/wp-json\/wp\/v2\/pages\/742"}],"collection":[{"href":"https:\/\/wholehearted-shortfilm.com\/en\/wp-json\/wp\/v2\/pages"}],"about":[{"href":"https:\/\/wholehearted-shortfilm.com\/en\/wp-json\/wp\/v2\/types\/page"}],"author":[{"embeddable":true,"href":"https:\/\/wholehearted-shortfilm.com\/en\/wp-json\/wp\/v2\/users\/1"}],"replies":[{"embeddable":true,"href":"https:\/\/wholehearted-shortfilm.com\/en\/wp-json\/wp\/v2\/comments?post=742"}],"version-history":[{"count":43,"href":"https:\/\/wholehearted-shortfilm.com\/en\/wp-json\/wp\/v2\/pages\/742\/revisions"}],"predecessor-version":[{"id":1731,"href":"https:\/\/wholehearted-shortfilm.com\/en\/wp-json\/wp\/v2\/pages\/742\/revisions\/1731"}],"wp:attachment":[{"href":"https:\/\/wholehearted-shortfilm.com\/en\/wp-json\/wp\/v2\/media?parent=742"}],"curies":[{"name":"wp","href":"https:\/\/api.w.org\/{rel}","templated":true}]}}