{"id":775,"date":"2021-01-30T18:31:40","date_gmt":"2021-01-30T17:31:40","guid":{"rendered":"http:\/\/wholehearted-shortfilm.com\/?page_id=775"},"modified":"2024-01-05T00:15:05","modified_gmt":"2024-01-04T23:15:05","slug":"mithelfen","status":"publish","type":"page","link":"https:\/\/wholehearted-shortfilm.com\/en\/mithelfen\/","title":{"rendered":"Support us"},"content":{"rendered":"<div id=\"About\" data-vc-parallax=\"1.5\" data-vc-parallax-image=\"https:\/\/wholehearted-shortfilm.com\/wp-content\/uploads\/2017\/03\/wh_slider_bg_v2.jpg\" class=\"vc_row wpb_row vc_row-fluid vc_row-has-fill vc_general vc_parallax vc_parallax-content-moving\"><div class=\"wpb_column vc_column_container vc_col-sm-12\"><div class=\"vc_column-inner\"><div class=\"wpb_wrapper\"><div class=\"vc_empty_space\"   style=\"height: 16px\" ><span class=\"vc_empty_space_inner\"><\/span><\/div>\n\n\t<div class=\"wpb_text_column wpb_content_element  yellow\" >\n\t\t<div class=\"wpb_wrapper\">\n\t\t\t<div class=\"content-title-element yellow\">\n<div class=\"title\">Support us<\/div>\n<\/div>\n\n\t\t<\/div>\n\t<\/div>\n<div class=\"vc_empty_space\"   style=\"height: 16px\" ><span class=\"vc_empty_space_inner\"><\/span><\/div>\n<\/div><\/div><\/div><\/div><div class=\"vc_row wpb_row vc_row-fluid container containerNoPadding\"><div class=\"wpb_column vc_column_container vc_col-sm-12\"><div class=\"vc_column-inner\"><div class=\"wpb_wrapper\"><div class=\"vc_row wpb_row vc_inner vc_row-fluid\"><div class=\"wpb_column vc_column_container vc_col-sm-12\"><div class=\"vc_column-inner\"><div class=\"wpb_wrapper\"><\/div><\/div><\/div><\/div>\n\t<div class=\"wpb_text_column wpb_content_element\" >\n\t\t<div class=\"wpb_wrapper\">\n\t\t\t<p style=\"text-align: center;\" class=\" translation-block\">If the idea behind [W] holehearted has aroused your interest and you would like to help us with the implementation, we would of course be very happy! <br>\nThere are many different ways you can support \"[W]holehearted\". Click on the rubric for more information on the individual options.<\/p>\n\n\t\t<\/div>\n\t<\/div>\n<div class=\"vc_tta-container\" data-vc-action=\"collapse\"><div class=\"vc_general vc_tta vc_tta-tabs vc_tta-color-peacoc vc_tta-style-classic vc_tta-shape-rounded vc_tta-spacing-1 vc_tta-tabs-position-left vc_tta-controls-align-left vc_tta-controls-size-lg\"><div class=\"vc_tta-tabs-container\"><ul class=\"vc_tta-tabs-list\"><li class=\"vc_tta-tab vc_active\" data-vc-tab><a href=\"#1612027934474-1dfd992d-0ab2\" data-vc-tabs data-vc-container=\".vc_tta\"><i class=\"vc_tta-icon fa fa-hand-paper-o\"><\/i><span class=\"vc_tta-title-text\">Your prayer<\/span><\/a><\/li><li class=\"vc_tta-tab\" data-vc-tab><a href=\"#1612027934474-5b3ff217-e626\" data-vc-tabs data-vc-container=\".vc_tta\"><i class=\"vc_tta-icon fa fa-eur\"><\/i><span class=\"vc_tta-title-text\">Your donation<\/span><\/a><\/li><li class=\"vc_tta-tab\" data-vc-tab><a href=\"#1616020176507-7baeabe0-fcb3\" data-vc-tabs data-vc-container=\".vc_tta\"><i class=\"vc_tta-icon fa fa-share-alt\"><\/i><span class=\"vc_tta-title-text\">Share with others<\/span><\/a><\/li><li class=\"vc_tta-tab\" data-vc-tab><a href=\"#1612028098357-6ed3bf14-b75a\" data-vc-tabs data-vc-container=\".vc_tta\"><i class=\"vc_tta-icon fa fa-bullhorn\"><\/i><span class=\"vc_tta-title-text\">Become part of the crew<\/span><\/a><\/li><li class=\"vc_tta-tab\" data-vc-tab><a href=\"#1612028219367-408022c6-64f0\" data-vc-tabs data-vc-container=\".vc_tta\"><i class=\"vc_tta-icon fa fa-star\"><\/i><span class=\"vc_tta-title-text\">Become part of the cast<\/span><\/a><\/li><li class=\"vc_tta-tab\" data-vc-tab><a href=\"#1612028158330-72f98218-95d0\" data-vc-tabs data-vc-container=\".vc_tta\"><i class=\"vc_tta-icon fa fa-users\"><\/i><span class=\"vc_tta-title-text\">Become an extra<\/span><\/a><\/li><li class=\"vc_tta-tab\" data-vc-tab><a href=\"#1612028511369-44cf986f-c25b\" data-vc-tabs data-vc-container=\".vc_tta\"><i class=\"vc_tta-icon fa fa-home\"><\/i><span class=\"vc_tta-title-text\">Provide a location<\/span><\/a><\/li><\/ul><\/div><div class=\"vc_tta-panels-container\"><div class=\"vc_tta-panels\"><div class=\"vc_tta-panel vc_active\" id=\"1612027934474-1dfd992d-0ab2\" data-vc-content=\".vc_tta-panel-body\"><div class=\"vc_tta-panel-heading\"><h4 class=\"vc_tta-panel-title\"><a href=\"#1612027934474-1dfd992d-0ab2\" data-vc-accordion data-vc-container=\".vc_tta-container\"><i class=\"vc_tta-icon fa fa-hand-paper-o\"><\/i><span class=\"vc_tta-title-text\">Your prayer<\/span><\/a><\/h4><\/div><div class=\"vc_tta-panel-body\">\n\t<div class=\"wpb_text_column wpb_content_element\" >\n\t\t<div class=\"wpb_wrapper\">\n\t\t\t<h2>Your prayer<\/h2>\n<p>The simplest, yet most effective way to support us is prayer. Everything we do we want to do for the glory of God. Without Him we cannot achieve anything, but with Him everything is possible. The idea and the open doors we have experienced with the project so far, we owe to Him alone.<\/p>\n<p>We would be happy if you would pray for [W]holehearted. We have set up an email newsletter where you are welcome to register in order to stay up to date and to be informed about current prayer requests.<\/p>\n<p>&nbsp;<\/p>\n<h4>Subscribe to the newsletter here<\/h4>\n<script>(function() {\n\twindow.mc4wp = window.mc4wp || {\n\t\tlisteners: [],\n\t\tforms: {\n\t\t\ton: function(evt, cb) {\n\t\t\t\twindow.mc4wp.listeners.push(\n\t\t\t\t\t{\n\t\t\t\t\t\tevent   : evt,\n\t\t\t\t\t\tcallback: cb\n\t\t\t\t\t}\n\t\t\t\t);\n\t\t\t}\n\t\t}\n\t}\n})();\n<\/script><!-- Mailchimp for WordPress v4.8.6 - https:\/\/wordpress.org\/plugins\/mailchimp-for-wp\/ --><form id=\"mc4wp-form-1\" class=\"mc4wp-form mc4wp-form-469\" method=\"post\" data-id=\"469\" data-name=\"Newsletter\" action=\"\" ><div class=\"mc4wp-form-fields\"><div class=\"form-group\">\r\n  <p>\r\n      <label>First name<\/label>\r\n    <input type=\"text\" name=\"FNAME\" placeholder=\"Your first name\">  <\/p>\r\n  <p>\r\n    \r\n\r\n      <label>Last name<\/label>\r\n    <input type=\"text\" name=\"LNAME\" placeholder=\"Your last name\">\r\n      <\/p>\r\n  <p>\r\n    \r\n<label>Email address<\/label>\r\n\t<input type=\"email\" name=\"EMAIL\" placeholder=\"Your email address\" required \/>\r\n      <\/p>\r\n<\/div>\r\n<input type=\"submit\" value=\"Subscribe to newsletter\" \/>\r\n<\/div><label style=\"display: none !important;\">Leave this field empty if you're human: <input type=\"text\" name=\"_mc4wp_honeypot\" value=\"\" tabindex=\"-1\" autocomplete=\"off\" \/><\/label><input type=\"hidden\" name=\"_mc4wp_timestamp\" value=\"1776231180\" \/><input type=\"hidden\" name=\"_mc4wp_form_id\" value=\"469\" \/><input type=\"hidden\" name=\"_mc4wp_form_element_id\" value=\"mc4wp-form-1\" \/><div class=\"mc4wp-response\"><\/div><input type=\"hidden\" name=\"trp-form-language\" value=\"en\"\/><\/form><!-- \/ Mailchimp for WordPress Plugin -->\n\n\t\t<\/div>\n\t<\/div>\n<\/div><\/div><div class=\"vc_tta-panel\" id=\"1612027934474-5b3ff217-e626\" data-vc-content=\".vc_tta-panel-body\"><div class=\"vc_tta-panel-heading\"><h4 class=\"vc_tta-panel-title\"><a href=\"#1612027934474-5b3ff217-e626\" data-vc-accordion data-vc-container=\".vc_tta-container\"><i class=\"vc_tta-icon fa fa-eur\"><\/i><span class=\"vc_tta-title-text\">Your donation<\/span><\/a><\/h4><\/div><div class=\"vc_tta-panel-body\">\n\t<div class=\"wpb_text_column wpb_content_element\" >\n\t\t<div class=\"wpb_wrapper\">\n\t\t\t<h2>Your donation<\/h2>\n<p>A film like [W]holehearted is not only a lot of work, but also very expensive. Since we want to make the final film available free of charge in order to reach as many people as possible with it, we will not make any profit or income from the film. We are completely dependent on God\u2019s provision for the realization of the film. One way He has provided for us so far has been through unexpected donations.<\/p>\n<p>Feel free to pray about supporting us with a donation as well. We don\u2019t want to beg anyone for money. Just let God guide you. If you have the heart to help us with a donation of any amount, we are deeply grateful.<\/p>\n<p>You can support us with a donation of any amount via our official crowdfunding campaign. Just click on the following button and you will be forwarded directly to the campaign. There you can enter your desired amount and then click on \u201cSupport project\u201d. The payment of the donation can then be made either by bank transfer, PayPal or credit card (via PayPal). Since we are recognized as a non-profit association, you will also receive a donation receipt from us and, unless you want to support us anonymously, you will of course be mentioned as a supporter in the film's credits.<\/p>\n\n\t\t<\/div>\n\t<\/div>\n<div class=\"vc_btn3-container vc_btn3-center\" >\n\t<a class=\"vc_general vc_btn3 vc_btn3-size-md vc_btn3-shape-rounded vc_btn3-style-modern vc_btn3-color-grey\" href=\"https:\/\/wholehearted-shortfilm.com\/en\/product\/crowdfunding\/\" title=\"[W]holehearted Crowdfunding\">Go to funding campaign<\/a><\/div>\n\n\t<div class=\"wpb_text_column wpb_content_element\" >\n\t\t<div class=\"wpb_wrapper\">\n\t\t\t<p>Au\u00dferdem sind wir seit Ende 2023 auch auf Deutschlands gr\u00f6\u00dfter Spendenplattform Betterplace.org vertreten. Betterplace bietet mehr Zahlungsm\u00f6glichkeiten als die Kampage auf unserer Webseite. Die beiden Kampagnen (Betterplace und unsere Webseite) werden von uns tagesaktuell synchron gehalten.<\/p>\n\n\t\t<\/div>\n\t<\/div>\n<div class=\"vc_btn3-container vc_btn3-center\" >\n\t<a class=\"vc_general vc_btn3 vc_btn3-size-md vc_btn3-shape-rounded vc_btn3-style-modern vc_btn3-color-grey\" href=\"https:\/\/www.betterplace.org\/de\/projects\/128666\" title=\"Betterplace.org\" target=\"_blank\">Hier geht's zur Kampagne auf Betterplace.org<\/a><\/div>\n\n\t<div class=\"wpb_text_column wpb_content_element\" >\n\t\t<div class=\"wpb_wrapper\">\n\t\t\t<p>Yes. If you are an entrepreneur and would like to support the project with your company as a sponsor, please contact us at funding@wholehearted-shortfilm.com.<\/p>\n\n\t\t<\/div>\n\t<\/div>\n<\/div><\/div><div class=\"vc_tta-panel\" id=\"1616020176507-7baeabe0-fcb3\" data-vc-content=\".vc_tta-panel-body\"><div class=\"vc_tta-panel-heading\"><h4 class=\"vc_tta-panel-title\"><a href=\"#1616020176507-7baeabe0-fcb3\" data-vc-accordion data-vc-container=\".vc_tta-container\"><i class=\"vc_tta-icon fa fa-share-alt\"><\/i><span class=\"vc_tta-title-text\">Share with others<\/span><\/a><\/h4><\/div><div class=\"vc_tta-panel-body\">\n\t<div class=\"wpb_text_column wpb_content_element\" >\n\t\t<div class=\"wpb_wrapper\">\n\t\t\t<h2>Share with others<\/h2>\n<p>&nbsp;<\/p>\n<p>Another way you can support us relatively easily is to follow [W]holehearted on our social channels, to share it with others and to tell your family and friends or your church about the project.<\/p>\n<p>The more people hear about [W]holehearted, the more supporters there are and the greater the reach we will achieve with the film later. By telling others about our film project, you are helping us immensely in making the project a reality.<\/p>\n<p>We are currently represented on the following social networks and platforms. Follow [W]holhearted now on:<\/p>\n\n\t\t<\/div>\n\t<\/div>\n<div class=\"vc_row wpb_row vc_inner vc_row-fluid\"><div class=\"wpb_column vc_column_container vc_col-sm-4\"><div class=\"vc_column-inner\"><div class=\"wpb_wrapper\"><div class=\"themovie-button\"><a href=\"https:\/\/www.facebook.com\/wholeheartedshortfilm\" target=\"_parent\" title=\"Facebook\"><i class=\"fa fa-facebook\" aria-hidden=\"true\"><\/i><span>Facebook<\/span><\/a><\/div><\/div><\/div><\/div><div class=\"wpb_column vc_column_container vc_col-sm-4\"><div class=\"vc_column-inner\"><div class=\"wpb_wrapper\"><div class=\"themovie-button\"><a href=\"https:\/\/www.instagram.com\/wholehearted_shortfilm\/\" target=\"_parent\" title=\"Instagram\"><i class=\"fa fa-instagram\" aria-hidden=\"true\"><\/i><span>Instagram<\/span><\/a><\/div><\/div><\/div><\/div><div class=\"wpb_column vc_column_container vc_col-sm-4\"><div class=\"vc_column-inner\"><div class=\"wpb_wrapper\"><div class=\"themovie-button\"><a href=\"https:\/\/www.youtube.com\/channel\/UCwuyVjrzlmFb9ZUqy66xDFw\" target=\"_parent\" title=\"Youtube\"><i class=\"fa fa-youtube\" aria-hidden=\"true\"><\/i><span>Youtube<\/span><\/a><\/div><\/div><\/div><\/div><\/div><\/div><\/div><div class=\"vc_tta-panel\" id=\"1612028098357-6ed3bf14-b75a\" data-vc-content=\".vc_tta-panel-body\"><div class=\"vc_tta-panel-heading\"><h4 class=\"vc_tta-panel-title\"><a href=\"#1612028098357-6ed3bf14-b75a\" data-vc-accordion data-vc-container=\".vc_tta-container\"><i class=\"vc_tta-icon fa fa-bullhorn\"><\/i><span class=\"vc_tta-title-text\">Become part of the crew<\/span><\/a><\/h4><\/div><div class=\"vc_tta-panel-body\">\n\t<div class=\"wpb_text_column wpb_content_element\" >\n\t\t<div class=\"wpb_wrapper\">\n\t\t\t<h2>Become part of the crew<\/h2>\n<p>The fourth way to support us is with your time. Do you have experience in a certain area of \u200b\u200bfilm production or do you just want to be on the set yourself? If you can imagine being involved in the production of the film in any way - why not apply as a volunteer. Every volunteer helps us to reduce manufacturing costs. The possibilities are many. Are you a talent for organization? We need help with production. Are you more of a physical worker? Help us on the set! Are you familiar with 3D modeling \/ animation \/ compositing? Help us with the visual effects<\/p>\n<p>We can use volunteer help in the following areas in particular:<\/p>\n<ul>\n<li>Wardrobe \/ costumes<\/li>\n<li>Props \/ set dressing<\/li>\n<li>Catering \/ crafty<\/li>\n<li>Production Assistants \/ Set-Runner<\/li>\n<li>Drivers<\/li>\n<li>Set cleaning \/ Tidy up<\/li>\n<li>Special effects<\/li>\n<li>Visual effects \/ compositing<\/li>\n<\/ul>\n<p>Interested? Simply click on the button below and fill out the application form. If you have any questions or if the area you are looking for is not included, please send us an email: <a href=\"mailto:production@wholehearted-shortfilm.com\">production@wholehearted-shortfilm.com<\/a>.<\/p>\n\n\t\t<\/div>\n\t<\/div>\n<div class=\"vc_btn3-container vc_btn3-center\" >\n\t<a class=\"vc_general vc_btn3 vc_btn3-size-md vc_btn3-shape-rounded vc_btn3-style-modern vc_btn3-color-grey\" href=\"https:\/\/wholehearted-shortfilm.com\/en\/volunteer-signup\/\" title=\"Volunteer Signup\">Apply now to be a volunteer<\/a><\/div>\n<\/div><\/div><div class=\"vc_tta-panel\" id=\"1612028219367-408022c6-64f0\" data-vc-content=\".vc_tta-panel-body\"><div class=\"vc_tta-panel-heading\"><h4 class=\"vc_tta-panel-title\"><a href=\"#1612028219367-408022c6-64f0\" data-vc-accordion data-vc-container=\".vc_tta-container\"><i class=\"vc_tta-icon fa fa-star\"><\/i><span class=\"vc_tta-title-text\">Become part of the cast<\/span><\/a><\/h4><\/div><div class=\"vc_tta-panel-body\">\n\t<div class=\"wpb_text_column wpb_content_element\" >\n\t\t<div class=\"wpb_wrapper\">\n\t\t\t<h2>Become part of the cast<\/h2>\n<p>Do you have talent or experience as an actor? Then apply for the casting! Simply click on the button below and fill out the application form. There you will also find an overview of the required roles.<\/p>\n<p>If you have any questions or if the area you are looking for is not included, please send us an email: <a href=\"mailto:casting@wholehearted-shortfilm.com\">casting@wholehearted-shortfilm.com<\/a><\/p>\n\n\t\t<\/div>\n\t<\/div>\n<div class=\"vc_btn3-container vc_btn3-center\" >\n\t<a class=\"vc_general vc_btn3 vc_btn3-size-md vc_btn3-shape-rounded vc_btn3-style-modern vc_btn3-color-grey\" href=\"https:\/\/wholehearted-shortfilm.com\/en\/casting-signup\/\" title=\"\">Apply now for casting<\/a><\/div>\n<\/div><\/div><div class=\"vc_tta-panel\" id=\"1612028158330-72f98218-95d0\" data-vc-content=\".vc_tta-panel-body\"><div class=\"vc_tta-panel-heading\"><h4 class=\"vc_tta-panel-title\"><a href=\"#1612028158330-72f98218-95d0\" data-vc-accordion data-vc-container=\".vc_tta-container\"><i class=\"vc_tta-icon fa fa-users\"><\/i><span class=\"vc_tta-title-text\">Become an extra<\/span><\/a><\/h4><\/div><div class=\"vc_tta-panel-body\">\n\t<div class=\"wpb_text_column wpb_content_element\" >\n\t\t<div class=\"wpb_wrapper\">\n\t\t\t<h2>Werde Statist<\/h2>\n<p>&nbsp;<\/p>\n<p>In the script for [W] holehearted there are some scenes for which we need a number of extras and small actors. Some examples are diners in a restaurant, nightclub \/ bar, clerks at Nick's company, customers of a jewelry store, attendees at a benefit gala, and attendees at a tented evangelism.<\/p>\n<p>Here we are dependent on volunteers. Catering on set will of course be provided and each extra will also receive a small gift.<\/p>\n\n\t\t<\/div>\n\t<\/div>\n<div class=\"vc_btn3-container vc_btn3-center\" >\n\t<a class=\"vc_general vc_btn3 vc_btn3-size-md vc_btn3-shape-rounded vc_btn3-style-modern vc_btn3-color-grey\" href=\"https:\/\/wholehearted-shortfilm.com\/en\/extras-signup\/\" title=\"Als Komparse bewerben\">Jetzt als Komparse bewerben<\/a><\/div>\n<\/div><\/div><div class=\"vc_tta-panel\" id=\"1612028511369-44cf986f-c25b\" data-vc-content=\".vc_tta-panel-body\"><div class=\"vc_tta-panel-heading\"><h4 class=\"vc_tta-panel-title\"><a href=\"#1612028511369-44cf986f-c25b\" data-vc-accordion data-vc-container=\".vc_tta-container\"><i class=\"vc_tta-icon fa fa-home\"><\/i><span class=\"vc_tta-title-text\">Provide a location<\/span><\/a><\/h4><\/div><div class=\"vc_tta-panel-body\">\n\t<div class=\"wpb_text_column wpb_content_element\" >\n\t\t<div class=\"wpb_wrapper\">\n\t\t\t<h2>Provide a location<\/h2>\n<p>We need a wide variety of locations for the shoot. If you are the owner of one of the following locations in the Stuttgart or Frankfurt area and would like to support our film by renting your location to us, we would be delighted to receive an email from you.<\/p>\n<p>We are currently looking for the following locations:<\/p>\n<ul>\n<li>Modern, luxurious apartment with a view over a city<\/li>\n<li>Noble jewelry store<\/li>\n<li>Doctor's office<\/li>\n<li>Modern office building with meeting rooms, open plan office and lots of glass<\/li>\n<li>Gym<\/li>\n<li>Night club \/ discotheque<\/li>\n<li>Restaurant<\/li>\n<li>Tennis court<\/li>\n<li>Course building \/ parking lot<\/li>\n<\/ul>\n<p>We will be happy to send you more detailed descriptions of the motifs you are looking for and a mood board on request.<\/p>\n\n\t\t<\/div>\n\t<\/div>\n<div role=\"form\" class=\"wpcf7\" id=\"wpcf7-f11-o1\" lang=\"de-DE\" dir=\"ltr\">\n<div class=\"screen-reader-response\"><p role=\"status\" aria-live=\"polite\" aria-atomic=\"true\"><\/p> <ul><\/ul><\/div>\n<form action=\"\/en\/wp-json\/wp\/v2\/pages\/775#wpcf7-f11-o1\" method=\"post\" class=\"wpcf7-form init\" novalidate=\"novalidate\" data-status=\"init\" data-trp-original-action=\"\/en\/wp-json\/wp\/v2\/pages\/775#wpcf7-f11-o1\">\n<div style=\"display: none;\">\n<input type=\"hidden\" name=\"_wpcf7\" value=\"11\" \/>\n<input type=\"hidden\" name=\"_wpcf7_version\" value=\"5.4.2\" \/>\n<input type=\"hidden\" name=\"_wpcf7_locale\" value=\"de_DE\" \/>\n<input type=\"hidden\" name=\"_wpcf7_unit_tag\" value=\"wpcf7-f11-o1\" \/>\n<input type=\"hidden\" name=\"_wpcf7_container_post\" value=\"0\" \/>\n<input type=\"hidden\" name=\"_wpcf7_posted_data_hash\" value=\"\" \/>\n<input type=\"hidden\" name=\"_wpcf7_recaptcha_response\" value=\"\" \/>\n<\/div>\n<p><label> Your name (obligatory)<br \/>\n    <span class=\"wpcf7-form-control-wrap your-name\"><input type=\"text\" name=\"your-name\" value=\"\" size=\"40\" class=\"wpcf7-form-control wpcf7-text wpcf7-validates-as-required\" aria-required=\"true\" aria-invalid=\"false\" \/><\/span> <\/label><\/p>\n<p><label> Your email address (obligatory)<br \/>\n    <span class=\"wpcf7-form-control-wrap your-email\"><input type=\"email\" name=\"your-email\" value=\"\" size=\"40\" class=\"wpcf7-form-control wpcf7-text wpcf7-email wpcf7-validates-as-required wpcf7-validates-as-email\" aria-required=\"true\" aria-invalid=\"false\" \/><\/span> <\/label><\/p>\n<p><label> Subject<br \/>\n    <span class=\"wpcf7-form-control-wrap your-subject\"><input type=\"text\" name=\"your-subject\" value=\"\" size=\"40\" class=\"wpcf7-form-control wpcf7-text\" aria-invalid=\"false\" \/><\/span> <\/label><\/p>\n<p><label> Your message<br \/>\n    <span class=\"wpcf7-form-control-wrap your-message\"><textarea name=\"your-message\" cols=\"40\" rows=\"10\" class=\"wpcf7-form-control wpcf7-textarea\" aria-invalid=\"false\"><\/textarea><\/span> <\/label><\/p>\n<p><input type=\"submit\" value=\"Send message\" class=\"wpcf7-form-control wpcf7-submit\" \/><\/p>\n<div class=\"wpcf7-response-output\" aria-hidden=\"true\"><\/div><input type=\"hidden\" name=\"trp-form-language\" value=\"en\"\/><\/form><\/div><\/div><\/div><\/div><\/div><\/div><\/div><\/div><\/div><\/div><div class=\"wpb_column vc_column_container vc_col-sm-12\"><div class=\"vc_column-inner\"><div class=\"wpb_wrapper\"><\/div><\/div><\/div><\/div><div class=\"vc_row wpb_row vc_row-fluid\"><div class=\"wpb_column vc_column_container vc_col-sm-12\"><div class=\"vc_column-inner\"><div class=\"wpb_wrapper\"><\/div><\/div><\/div><\/div><div class=\"vc_row wpb_row vc_row-fluid\"><div class=\"wpb_column vc_column_container vc_col-sm-12\"><div class=\"vc_column-inner\"><div class=\"wpb_wrapper\"><\/div><\/div><\/div><\/div>","protected":false},"excerpt":{"rendered":"Mithelfen Wenn die Idee hinter [W]holehearted dein Interesse geweckt hat und Du uns gerne bei der Umsetzung helfen m\u00f6chtest w\u00fcrden wir uns nat\u00fcrlich riesig freuen! Es gibt zahlreiche verschiedene Arten, wie Du \u201e[W]holehearted\u201c unterst\u00fctzen kannst. Klicke auf die Rubrik, um mehr Informationen zu den einzelnen M\u00f6glichkeiten zu erhalten. Dein GebetDeine SpendeTeilen &amp; weitererz\u00e4hlenWerde Teil der...","protected":false},"author":1,"featured_media":0,"parent":0,"menu_order":0,"comment_status":"closed","ping_status":"closed","template":"","meta":{"pgc_sgb_lightbox_settings":"","footnotes":""},"wpcf_dashboard":"<div class=\"woocommerce\"><div class=\"woocommerce-info\">Please log in first? <a class=\"wpneoShowLogin\" href=\"#\">Click here to login<\/a><\/div><div class=\"wpneo_login_form_div\" style=\"display: none;\"><form name=\"loginform\" id=\"loginform\" action=\"https:\/\/wholehearted-shortfilm.com\/wp-login.php\" method=\"post\"><p class=\"login-username\">\n\t\t\t\t<label for=\"user_login\">Username or Email Address<\/label>\n\t\t\t\t<input type=\"text\" name=\"log\" id=\"user_login\" autocomplete=\"username\" class=\"input\" value=\"\" size=\"20\" \/>\n\t\t\t<\/p><p class=\"login-password\">\n\t\t\t\t<label for=\"user_pass\">Password<\/label>\n\t\t\t\t<input type=\"password\" name=\"pwd\" id=\"user_pass\" autocomplete=\"current-password\" spellcheck=\"false\" class=\"input\" value=\"\" size=\"20\" \/>\n\t\t\t<\/p><p class=\"login-remember\"><label><input name=\"rememberme\" type=\"checkbox\" id=\"rememberme\" value=\"forever\" \/> Remember Me<\/label><\/p><p class=\"login-submit\">\n\t\t\t\t<input type=\"submit\" name=\"wp-submit\" id=\"wp-submit\" class=\"button button-primary\" value=\"Log In\" \/>\n\t\t\t\t<input type=\"hidden\" name=\"redirect_to\" value=\"https:\/\/wholehearted-shortfilm.com\/en\/wp-json\/wp\/v2\/pages\/775\" \/>\n\t\t\t<\/p><\/form><\/div><\/div>","_links":{"self":[{"href":"https:\/\/wholehearted-shortfilm.com\/en\/wp-json\/wp\/v2\/pages\/775"}],"collection":[{"href":"https:\/\/wholehearted-shortfilm.com\/en\/wp-json\/wp\/v2\/pages"}],"about":[{"href":"https:\/\/wholehearted-shortfilm.com\/en\/wp-json\/wp\/v2\/types\/page"}],"author":[{"embeddable":true,"href":"https:\/\/wholehearted-shortfilm.com\/en\/wp-json\/wp\/v2\/users\/1"}],"replies":[{"embeddable":true,"href":"https:\/\/wholehearted-shortfilm.com\/en\/wp-json\/wp\/v2\/comments?post=775"}],"version-history":[{"count":68,"href":"https:\/\/wholehearted-shortfilm.com\/en\/wp-json\/wp\/v2\/pages\/775\/revisions"}],"predecessor-version":[{"id":1670,"href":"https:\/\/wholehearted-shortfilm.com\/en\/wp-json\/wp\/v2\/pages\/775\/revisions\/1670"}],"wp:attachment":[{"href":"https:\/\/wholehearted-shortfilm.com\/en\/wp-json\/wp\/v2\/media?parent=775"}],"curies":[{"name":"wp","href":"https:\/\/api.w.org\/{rel}","templated":true}]}}