{"id":830,"date":"2021-04-09T00:05:43","date_gmt":"2021-04-08T22:05:43","guid":{"rendered":"http:\/\/wholehearted-shortfilm.com\/cf-listing-page\/"},"modified":"2021-04-09T00:05:43","modified_gmt":"2021-04-08T22:05:43","slug":"cf-listing-page","status":"publish","type":"page","link":"https:\/\/wholehearted-shortfilm.com\/en\/cf-listing-page\/","title":{"rendered":"CF Listing Page"},"content":{"rendered":"<div class=\"wpneo-wrapper\">\n    <div class=\"wpneo-container\">\n                <div class=\"wpneo-wrapper-inner\">\n                                                <div class=\"wpneo-listings two first\">\n                        <div class=\"wpneo-listing-img\">\n    <a href=\"https:\/\/wholehearted-shortfilm.com\/en\/product\/crowdfunding\/\" title=\"The official [W]holehearted crowdfunding campagin\"> <img width=\"300\" height=\"300\" src=\"https:\/\/wholehearted-shortfilm.com\/wp-content\/uploads\/2022\/01\/Funding_Campaign_V1-300x300.png\" class=\"attachment-woocommerce_thumbnail size-woocommerce_thumbnail\" alt=\"\" decoding=\"async\" loading=\"lazy\" srcset=\"https:\/\/wholehearted-shortfilm.com\/wp-content\/uploads\/2022\/01\/Funding_Campaign_V1-300x300.png 300w, https:\/\/wholehearted-shortfilm.com\/wp-content\/uploads\/2022\/01\/Funding_Campaign_V1-150x150.png 150w, https:\/\/wholehearted-shortfilm.com\/wp-content\/uploads\/2022\/01\/Funding_Campaign_V1-12x12.png 12w, https:\/\/wholehearted-shortfilm.com\/wp-content\/uploads\/2022\/01\/Funding_Campaign_V1-100x100.png 100w, https:\/\/wholehearted-shortfilm.com\/wp-content\/uploads\/2022\/01\/Funding_Campaign_V1.png 505w\" sizes=\"(max-width: 300px) 100vw, 300px\" \/><\/a>\n    <div class=\"overlay\">\n\t\t<div>\n\t\t\t<div>\n\t\t\t\t<a href=\"https:\/\/wholehearted-shortfilm.com\/en\/product\/crowdfunding\/\">View Campaign<\/a>\n\t\t\t<\/div>\n\t\t<\/div>\n\t<\/div>\n<\/div>                        <div class=\"wpneo-listing-content\">\n                            <div class=\"woocommerce\"><\/div><h4><a href=\"https:\/\/wholehearted-shortfilm.com\/en\/product\/crowdfunding\/ \">The official [W]holehearted crowdfunding campagin<\/a><\/h4>\n<p class=\"wpneo-author\">by \n\t<a href=\"\/en\/wp-json\/wp\/v2\/pages\/830?author=wpadmin\">Wholehearted Pictures e.V.<\/a>\n<\/p>    <div class=\"wpneo-location\">\n        <i class=\"wpneo-icon wpneo-icon-location\"><\/i>\n        <div class=\"wpneo-meta-desc\">Schw\u00e4bisch Gm\u00fcnd, Germany<\/div>\n    <\/div>\n    <p class=\"wpneo-short-description\">&nbsp;\r\nHilf uns, [W<\/p>\n<div class=\"wpneo-raised-percent\">\n    <div class=\"wpneo-meta-name\">Raised Percent :<\/div>\n    <div class=\"wpneo-meta-desc\" >17.04%<\/div>\n<\/div>\n\n<div class=\"wpneo-raised-bar\">\n    <div id=\"neo-progressbar\">\n                <div style=\"width: 17.04%\"><\/div>\n    <\/div>\n<\/div>\n<div class=\"wpneo-funding-data\">\n\t<div class=\"wpneo-funding-goal\">\n\t\t<div class=\"wpneo-meta-desc\"><span class=\"woocommerce-Price-amount amount\"><bdi><span class=\"woocommerce-Price-currencySymbol\">&euro;<\/span>133.000,00<\/bdi><\/span><\/div>\n\t    <div class=\"wpneo-meta-name\">Funding Goal<\/div>\n\t<\/div>\n    <div class=\"wpneo-time-remaining\">\n                    <div class=\"wpneo-meta-desc\">90<\/div>\n            <div class=\"wpneo-meta-name float-left\">Days to go<\/div>\n            <\/div>\n\t<div class=\"wpneo-fund-raised\">\n\t\t<div class=\"wpneo-meta-desc\"><span class=\"woocommerce-Price-amount amount\"><bdi><span class=\"woocommerce-Price-currencySymbol\">&euro;<\/span>22.663,23<\/bdi><\/span><\/div>\n\t    <div class=\"wpneo-meta-name\">Fund Raised<\/div>\n\t<\/div>\n<\/div><!--div class=\"wpneo-listing-buttons\">\n    <a href=\"< ?php echo get_permalink(); ? >\" class=\"btn-details\">< ?php echo __('Campaign Details', 'wp-crowdfunding'); ? ><\/a>\n<\/div-->                        <\/div>\n                                            <\/div>\n                                    <\/div>\n        <div class=\"wpneo-pagination\">\n    <\/div>    <\/div>\n<\/div>","protected":false},"excerpt":{"rendered":"&nbsp; Hilf uns, [W]holehearted in die Realit\u00e4t umzusetzen! &nbsp; Wir m\u00f6chten [W]holehearted unabh\u00e4ngig von gro\u00dfen Medienkonzern oder F\u00f6rderanstalten produzieren, die eigene Vorgaben f\u00fcr den Inhalt haben. Wir sind uns sicher, dass Gott uns das Projekt aufs Herz gelegt hat und dass er uns versorgen wird. Daher haben wir uns f\u00fcr eine Crowdfunding entschieden. Du kannst...","protected":false},"author":1,"featured_media":0,"parent":0,"menu_order":0,"comment_status":"closed","ping_status":"closed","template":"","meta":{"pgc_sgb_lightbox_settings":"","footnotes":""},"wpcf_dashboard":"<div class=\"woocommerce\"><div class=\"woocommerce-info\">Please log in first? <a class=\"wpneoShowLogin\" href=\"#\">Click here to login<\/a><\/div><div class=\"wpneo_login_form_div\" style=\"display: none;\"><form name=\"loginform\" id=\"loginform\" action=\"https:\/\/wholehearted-shortfilm.com\/wp-login.php\" method=\"post\"><p class=\"login-username\">\n\t\t\t\t<label for=\"user_login\">Username or Email Address<\/label>\n\t\t\t\t<input type=\"text\" name=\"log\" id=\"user_login\" autocomplete=\"username\" class=\"input\" value=\"\" size=\"20\" \/>\n\t\t\t<\/p><p class=\"login-password\">\n\t\t\t\t<label for=\"user_pass\">Password<\/label>\n\t\t\t\t<input type=\"password\" name=\"pwd\" id=\"user_pass\" autocomplete=\"current-password\" spellcheck=\"false\" class=\"input\" value=\"\" size=\"20\" \/>\n\t\t\t<\/p><p class=\"login-remember\"><label><input name=\"rememberme\" type=\"checkbox\" id=\"rememberme\" value=\"forever\" \/> Remember Me<\/label><\/p><p class=\"login-submit\">\n\t\t\t\t<input type=\"submit\" name=\"wp-submit\" id=\"wp-submit\" class=\"button button-primary\" value=\"Log In\" \/>\n\t\t\t\t<input type=\"hidden\" name=\"redirect_to\" value=\"https:\/\/wholehearted-shortfilm.com\/en\/wp-json\/wp\/v2\/pages\/830\" \/>\n\t\t\t<\/p><\/form><\/div><\/div>","_links":{"self":[{"href":"https:\/\/wholehearted-shortfilm.com\/en\/wp-json\/wp\/v2\/pages\/830"}],"collection":[{"href":"https:\/\/wholehearted-shortfilm.com\/en\/wp-json\/wp\/v2\/pages"}],"about":[{"href":"https:\/\/wholehearted-shortfilm.com\/en\/wp-json\/wp\/v2\/types\/page"}],"author":[{"embeddable":true,"href":"https:\/\/wholehearted-shortfilm.com\/en\/wp-json\/wp\/v2\/users\/1"}],"replies":[{"embeddable":true,"href":"https:\/\/wholehearted-shortfilm.com\/en\/wp-json\/wp\/v2\/comments?post=830"}],"version-history":[{"count":0,"href":"https:\/\/wholehearted-shortfilm.com\/en\/wp-json\/wp\/v2\/pages\/830\/revisions"}],"wp:attachment":[{"href":"https:\/\/wholehearted-shortfilm.com\/en\/wp-json\/wp\/v2\/media?parent=830"}],"curies":[{"name":"wp","href":"https:\/\/api.w.org\/{rel}","templated":true}]}}